{"id":172,"date":"2024-01-03T12:02:54","date_gmt":"2024-01-03T12:02:54","guid":{"rendered":"https:\/\/mindblitz.io\/?page_id=172"},"modified":"2025-05-30T13:38:54","modified_gmt":"2025-05-30T12:38:54","slug":"terms-and-conditions","status":"publish","type":"page","link":"https:\/\/mindblitz.io\/it\/terms-and-conditions\/","title":{"rendered":"Termini e condizioni"},"content":{"rendered":"<p>MindBlitz \u00e8 il servizio ufficiale per chi cerca lavoro e per le aziende che necessitano di servizi HR, che offre consulenza, opportunit\u00e0 di lavoro e servizi HR aggiuntivi. Il servizio \u00e8 di propriet\u00e0 e gestito da Mindblitz LTD, numero di registrazione 15304656, e-mail: support@mindblitz.io; telefono: +447488848310.<\/p>\n\n\n\n<p>Il nostro obiettivo \u00e8 assistere i clienti nel prendere decisioni ben informate sulle opportunit\u00e0 di lavoro e sui percorsi di carriera.<\/p>\n\n\n\n<h2 class=\"wp-block-heading\"><strong>Diritti di propriet\u00e0 intellettuale<\/strong><\/h2>\n\n\n\n<p>I contenuti del sito MindBlitz sono protetti da copyright e ne \u00e8 vietata la copia o la distribuzione a fini commerciali. Potete utilizzare queste informazioni per uso personale e non commerciale, a condizione che non cerchiate di rimuovere i loghi identificativi presenti nelle pagine pertinenti. Modifiche non autorizzate alle pagine o l'utilizzo dei contenuti in altri prodotti senza il nostro consenso saranno considerate una violazione del nostro copyright, con possibili azioni legali.<\/p>\n\n\n\n<p>Per richieste di informazioni sull'utilizzo di questi contenuti, si prega di rivolgersi a <a href=\"mailto:support@mindblitz.io\">support@mindblitz.io<\/a>.<\/p>\n\n\n\n<ul>\n<li><strong>Informazioni su MindBlitz Communications<\/strong><\/li>\n<\/ul>\n\n\n\n<p>MindBlitz offre diversi canali di comunicazione per entrare in contatto con i propri utenti. Per accedere a questi canali, \u00e8 possibile iscriversi per ricevere le nostre e-mail attraverso uno dei seguenti metodi:<\/p>\n\n\n\n<ul>\n<li>Registrando un account e scegliendo di ricevere le e-mail.<\/li>\n\n\n\n<li>Accedere all'account esistente e selezionare le opzioni di abbonamento e-mail desiderate.<\/li>\n\n\n\n<li>Esplorare le ulteriori opzioni di abbonamento alla posta elettronica disponibili sul nostro sito web.<\/li>\n<\/ul>\n\n\n\n<h2 class=\"wp-block-heading\"><strong>Informazioni sull'account MindBlitz<\/strong><\/h2>\n\n\n\n<p>Tutti gli account richiedono un indirizzo e-mail personale valido a cui si accede regolarmente per garantire una comunicazione tempestiva. L'utilizzo di pi\u00f9 indirizzi e-mail o login per interrompere i servizi o causare fastidio pu\u00f2 comportare azioni correttive.<\/p>\n\n\n\n<p>Si prega di utilizzare un indirizzo e-mail e dati di registrazione personali e non associati a nessun altro. La salvaguardia della password e l'aggiornamento delle informazioni relative all'account sono responsabilit\u00e0 dell'utente.<\/p>\n\n\n\n<ul>\n<li><strong>Le vostre responsabilit\u00e0<\/strong><\/li>\n<\/ul>\n\n\n\n<p>L'utente \u00e8 tenuto a rispettare tutte le leggi applicabili e i termini del presente Contratto, che pu\u00f2 essere modificato periodicamente con o senza preavviso. Ci\u00f2 include l'adesione alle politiche e ai processi delineati nei presenti Termini e condizioni.<\/p>\n\n\n\n<p>In qualit\u00e0 di fornitore di contenuti e informazioni ai sensi del presente Contratto, l'utente \u00e8 proprietario dei materiali che ci fornisce e pu\u00f2 richiederne la cancellazione in qualsiasi momento. L'utente ci concede un diritto non esclusivo, irrevocabile, mondiale, perpetuo, cedibile, sublicenziabile, interamente pagato e privo di royalty di utilizzare, elaborare e commercializzare qualsiasi contenuto o informazione forniti dall'utente, fatto salvo il diritto di quest'ultimo di richiederne l'eliminazione e il nostro obbligo di rispettare le leggi applicabili in materia di protezione dei dati e la nostra Politica sulla privacy.<\/p>\n\n\n\n<p>\u00c8 responsabilit\u00e0 dell'utente mantenere informazioni accurate e aggiornate sul proprio profilo.<\/p>\n\n\n\n<p>Per utilizzare i Servizi, l'utente deve soddisfare i seguenti criteri e confermare di:&nbsp;<\/p>\n\n\n\n<ol>\n<li>hanno 18 anni o pi\u00f9;&nbsp;<\/li>\n\n\n\n<li>non sono limitati o proibiti nell'utilizzo dei Servizi;<\/li>\n\n\n\n<li>non sono un concorrente o hanno intenzione di creare un servizio concorrente, utilizzando i Servizi in concorrenza con noi.<\/li>\n<\/ol>\n\n\n\n<p>Il profilo creato dall'utente diventa parte dei nostri Servizi e, ad esclusione dei contenuti e delle informazioni concesse in licenza, \u00e8 di nostra propriet\u00e0. L'utente accetta di mantenere la propria password al sicuro, di non permettere ad altri di utilizzare il proprio account, di astenersi dall'utilizzare account altrui e di assumersi la responsabilit\u00e0 delle attivit\u00e0 svolte sul proprio account fino alla sua chiusura.<\/p>\n\n\n\n<p>L'utente accetta di indennizzare e tenere indenne la Societ\u00e0 da danni, perdite e costi relativi a reclami, accuse e indagini di terzi derivanti dalla mancata osservanza del presente Contratto da parte dell'utente, dall'invio di contenuti che violano i diritti o le leggi di terzi e dalle attivit\u00e0 dell'utente su o tramite il nostro Sito web o i Servizi.<\/p>\n\n\n\n<p>Prima di utilizzare i nostri Servizi, si prega di leggere attentamente la nostra Informativa sulla privacy completa, in quanto incorporata nel presente Contratto. L'invio volontario di informazioni, dichiarazioni, dati e contenuti pu\u00f2 rivelare dettagli personali e noi possiamo trattare tali dati personali in base all'Informativa sulla privacy, rispettando i diritti dell'utente ai sensi delle leggi sulla protezione dei dati.<\/p>\n\n\n\n<ul>\n<li><strong>I vostri diritti<\/strong><\/li>\n<\/ul>\n\n\n\n<p>A condizione che l'utente si attenga a tutti gli obblighi delineati nella presente politica, gli forniamo una licenza limitata, revocabile, non esclusiva, non cedibile e non sublicenziabile per l'utilizzo e l'accesso ai Servizi. Ci\u00f2 include il diritto di visualizzare i contenuti e le informazioni attraverso un browser web o un dispositivo mobile generalmente disponibile e di utilizzare i Servizi in altre vesti. Conserviamo tutti i diritti non esplicitamente concessi nei presenti Termini e condizioni.<\/p>\n\n\n\n<ul>\n<li><strong>Le nostre responsabilit\u00e0 e i nostri diritti<\/strong><\/li>\n<\/ul>\n\n\n\n<p>Ci impegniamo ad aggiornare, migliorare ed espandere periodicamente i Servizi. Di conseguenza, a nostra esclusiva discrezione, ci riserviamo il diritto di modificare, sostituire, rifiutare l'accesso, sospendere o interrompere il nostro Sito Web o qualsiasi parte dei Servizi, in parte o interamente. Tutte le modifiche entreranno in vigore al momento della loro pubblicazione sul Sito web o attraverso una comunicazione diretta con l'utente, a meno che non sia specificato diversamente negli avvisi o nei post pertinenti.&nbsp;<\/p>\n\n\n\n<p>Inoltre, ci riserviamo il diritto di trattenere, rimuovere o eliminare qualsiasi contenuto associato all'account dell'utente, con o senza preavviso, qualora lo ritenessimo contrario ai presenti Termini e condizioni, a qualsiasi altra parte del presente Contratto o come richiesto dalla legge applicabile.<\/p>\n\n\n\n<p>L'utilizzo dei Servizi da parte dell'utente pu\u00f2 esporre l'utente a contenuti di altri utenti o di terzi che potrebbero essere imprecisi, incompleti, in ritardo, fuorvianti, illegali, offensivi o altrimenti dannosi. Nella maggior parte dei casi, non esaminiamo, verifichiamo o filtriamo tali contenuti, salvo in circostanze specifiche richieste dalla legge. L'utente riconosce che non siamo responsabili dei contenuti forniti da individui (compresi i nostri clienti) che si iscrivono ai nostri servizi o dei contenuti o delle informazioni di terzi presenti sul Sito web o sul Servizio. Qualsiasi affidamento su tali contenuti \u00e8 a vostro rischio e pericolo. Possiamo fornire link a siti di terzi sul Sito web e all'interno dei Servizi. La decisione di accedere o utilizzare un Sito di terzi \u00e8 di vostra responsabilit\u00e0 e noi non approviamo n\u00e9 ci assumiamo la responsabilit\u00e0 per le caratteristiche, i contenuti, la pubblicit\u00e0, i prodotti o altri materiali presenti o disponibili sui Siti di terzi. Se scegliete di utilizzare Siti di terze parti, lo fate a vostro rischio e pericolo.<\/p>\n\n\n\n<p>Ci riserviamo il diritto di limitare, sospendere o chiudere l'account di qualsiasi membro che, a nostro giudizio, abusa o fa un uso improprio dei Servizi.<\/p>\n\n\n\n<h2 class=\"wp-block-heading\"><strong>Terminazione<\/strong><\/h2>\n\n\n\n<p>L'utente ha la possibilit\u00e0 di chiudere il proprio account fornendoci una comunicazione come indicato di seguito. Tale comunicazione diventa effettiva nel momento in cui la richiesta viene elaborata dalla Societ\u00e0. D'altra parte, ci riserviamo il diritto di chiudere i Servizi e l'account dell'utente a nostra discrezione, per qualsiasi motivo o senza specificare un motivo, con o senza preavviso. Tale risoluzione avr\u00e0 effetto immediato o come indicato nella dichiarazione. In caso di chiusura dell'account, i dati dell'utente saranno cancellati, il suo accesso ai nostri Servizi sar\u00e0 disabilitato e potrebbe essergli precluso qualsiasi utilizzo futuro del Sito.<\/p>\n\n\n\n<ul>\n<li><strong>La nostra responsabilit\u00e0<\/strong><\/li>\n<\/ul>\n\n\n\n<p>Non possiamo essere ritenuti responsabili per perdite non ragionevolmente prevedibili quando abbiamo accettato di fornire i Servizi. Il materiale e i contenuti del Sito Web sono forniti senza alcuna garanzia, condizione o assicurazione di completezza o accuratezza. Gli utenti devono assumersi i rischi associati all'uso di Internet.<\/p>\n\n\n\n<p>Nella misura massima consentita dalla legge, escludiamo tutte le condizioni, le garanzie e gli altri termini che potrebbero essere impliciti per legge, diritto comune o diritto di equit\u00e0. Questa esclusione include qualsiasi incompatibilit\u00e0 del sito web con le apparecchiature informatiche, il software o i collegamenti di telecomunicazione dell'utente, ad eccezione di qualsiasi termine implicito che le leggi applicabili non possono escludere.<\/p>\n\n\n\n<p>Se non espressamente indicato diversamente nei presenti Termini e condizioni, nella misura massima consentita dalla legge, l'utente riconosce e accetta che non saremo responsabili nei confronti dell'utente o di terzi per:<\/p>\n\n\n\n<ul>\n<li>Perdita di reddito o di entrate<\/li>\n\n\n\n<li>Perdita di attivit\u00e0<\/li>\n\n\n\n<li>Perdita di profitti o contratti<\/li>\n\n\n\n<li>Perdita dei risparmi previsti<\/li>\n\n\n\n<li>Perdita di dati<\/li>\n\n\n\n<li>Perdita dell'avviamento<\/li>\n\n\n\n<li>Spreco di costi o di tempo di gestione o di ufficio<\/li>\n<\/ul>\n\n\n\n<p>Tutte le perdite o le responsabilit\u00e0 di cui sopra, dirette o indirette, sono considerate danni conseguenti o incidentali e possono derivare da illecito civile (inclusa la negligenza), violazione del contratto o altro.<\/p>\n\n\n\n<p>Nulla di quanto contenuto nei presenti Termini e Condizioni Generali o nel presente Contratto pregiudica i diritti legali dell'utente in qualit\u00e0 di consumatore.<\/p>\n\n\n\n<ul>\n<li><strong>MindBlitz e la conformit\u00e0 legale<\/strong><\/li>\n<\/ul>\n\n\n\n<p>Nei nostri servizi di comunicazione online \u00e8 vietato pubblicare materiale diffamatorio o illegale in forma di testo, grafica, video, programmi o audio. \u00c8 severamente vietato pubblicare messaggi con l'intento di commettere atti illeciti.<\/p>\n\n\n\n<p>Utilizzando i nostri servizi, l'utente accetta di pubblicare solo materiali di cui detiene il copyright o per i quali ha ottenuto altri permessi di distribuzione elettronica. \u00c8 assolutamente vietato violare, plagiare o infrangere i diritti di terzi, compresi, a titolo esemplificativo e non esaustivo, i diritti d'autore, i marchi di fabbrica, i segreti commerciali, la privacy, i diritti personali, pubblicitari o di propriet\u00e0.<\/p>\n\n\n\n<ul>\n<li><strong>Violazione dei termini di MindBlitz<\/strong><\/li>\n<\/ul>\n\n\n\n<p>La mancata osservanza dei termini delineati in questa politica comporter\u00e0 un avvertimento formale inviato via e-mail. Se l'utente viola questi termini dopo aver ricevuto un avviso, dovr\u00e0 affrontare un divieto permanente di accesso e utilizzo dei nostri servizi.<\/p>\n\n\n\n<h2 class=\"wp-block-heading\"><strong>Esclusione di responsabilit\u00e0 per MindBlitz<\/strong><\/h2>\n\n\n\n<p>Mindblitz LTD fornisce le informazioni presentate su MindBlitz solo a scopo informativo generale. Sebbene ci sforziamo di mantenere le informazioni accurate e aggiornate, qualsiasi affidamento sul contenuto di questo sito web \u00e8 interamente a vostro rischio e pericolo. Apprezziamo il feedback; se individuate delle inesattezze nei contenuti, contattateci. <a href=\"mailto:support@mindblitz.io\">support@mindblitz.io<\/a>.<\/p>\n\n\n\n<h2 class=\"wp-block-heading\"><strong>Utilizzo del sito web<\/strong><\/h2>\n\n\n\n<p>L'accesso al sito web \u00e8 fornito temporaneamente e ci riserviamo il diritto di ritirare o modificare i servizi offerti sul sito web senza preavviso. Non forniamo alcuna garanzia o dichiarazione che il sito web sia continuamente disponibile o ininterrotto. Il Sito potrebbe essere periodicamente inaccessibile o non disponibile e non saremo responsabili nei confronti degli Utenti per tale indisponibilit\u00e0.<\/p>\n\n\n\n<p>Occasionalmente, possiamo limitare l'accesso a parti specifiche del Sito o all'intero Sito agli utenti registrati.<\/p>\n\n\n\n<p>Se l'utente riceve un codice di identificazione utente, una password o altre informazioni nell'ambito delle nostre procedure di sicurezza, deve trattarle in modo riservato e non deve divulgarle a terzi. Ci riserviamo il diritto di disattivare qualsiasi password utente, scelta dall'utente o assegnata da noi, in qualsiasi momento se, a nostro avviso, l'utente non ha rispettato le disposizioni dei presenti Termini e condizioni.<\/p>\n\n\n\n<p>L'utente \u00e8 responsabile di prendere tutte le disposizioni necessarie per accedere al Sito e di garantire che tutte le persone che accedono al Sito tramite la sua connessione a Internet siano a conoscenza e rispettino i presenti Termini e condizioni.<\/p>\n\n\n\n<h2 class=\"wp-block-heading\"><strong>Informazioni di contatto<\/strong><\/h2>\n\n\n\n<p>In caso di domande o dubbi su questa politica, non esitate a contattarci all'indirizzo:<\/p>\n\n\n\n<ul>\n<li>E-mail: <a href=\"mailto:support@mindblitz.io\">support@mindblitz.io<\/a><\/li>\n\n\n\n<li>Telefono: <a href=\"tel: 447488848310\">+447488848310<\/a><\/li>\n\n\n\n<li>Sito web: <a href=\"https:\/\/mindblitz.io\/it\/\">https:\/\/mindblitz.io\/<\/a>&nbsp;<\/li>\n<\/ul>\n\n\n\n<p>Apprezziamo la vostra comprensione e collaborazione.<\/p>","protected":false},"excerpt":{"rendered":"<p>MindBlitz is the official service for job seekers and businesses needing HR services, offering advice, job opportunities, and additional HR services. The service is owned and operated by Mindblitz LTD, registration number 15304656, email: support@mindblitz.io; phone: +447488848310. We aim to assist clients in making well-informed decisions about employment opportunities and career paths. Intellectual Property Rights [&hellip;]<\/p>","protected":false},"author":1,"featured_media":208,"parent":0,"menu_order":0,"comment_status":"closed","ping_status":"closed","template":"template-pages\/template-policy.php","meta":{"footnotes":""},"acf":[],"yoast_head":"<!-- This site is optimized with the Yoast SEO plugin v21.7 - https:\/\/yoast.com\/wordpress\/plugins\/seo\/ -->\n<title>Terms and Conditions - MindBlitz<\/title>\n<meta name=\"robots\" content=\"index, follow, max-snippet:-1, max-image-preview:large, max-video-preview:-1\" \/>\n<link rel=\"canonical\" href=\"https:\/\/mindblitz.io\/it\/terms-and-conditions\/\" \/>\n<meta property=\"og:locale\" content=\"it_IT\" \/>\n<meta property=\"og:type\" content=\"article\" \/>\n<meta property=\"og:title\" content=\"Terms and Conditions - MindBlitz\" \/>\n<meta property=\"og:description\" content=\"MindBlitz is the official service for job seekers and businesses needing HR services, offering advice, job opportunities, and additional HR services. The service is owned and operated by Mindblitz LTD, registration number 15304656, email: support@mindblitz.io; phone: +447488848310. We aim to assist clients in making well-informed decisions about employment opportunities and career paths. Intellectual Property Rights [&hellip;]\" \/>\n<meta property=\"og:url\" content=\"https:\/\/mindblitz.io\/it\/terms-and-conditions\/\" \/>\n<meta property=\"og:site_name\" content=\"MindBlitz\" \/>\n<meta property=\"article:modified_time\" content=\"2025-05-30T12:38:54+00:00\" \/>\n<meta property=\"og:image\" content=\"http:\/\/mindblitz.io\/wp-content\/uploads\/2024\/01\/Avatar-2.png\" \/>\n\t<meta property=\"og:image:width\" content=\"1000\" \/>\n\t<meta property=\"og:image:height\" content=\"1000\" \/>\n\t<meta property=\"og:image:type\" content=\"image\/png\" \/>\n<meta name=\"twitter:card\" content=\"summary_large_image\" \/>\n<meta name=\"twitter:label1\" content=\"Tempo di lettura stimato\" \/>\n\t<meta name=\"twitter:data1\" content=\"8 minuti\" \/>\n<script type=\"application\/ld+json\" class=\"yoast-schema-graph\">{\"@context\":\"https:\/\/schema.org\",\"@graph\":[{\"@type\":\"WebPage\",\"@id\":\"https:\/\/mindblitz.io\/terms-and-conditions\/\",\"url\":\"https:\/\/mindblitz.io\/terms-and-conditions\/\",\"name\":\"Terms and Conditions - MindBlitz\",\"isPartOf\":{\"@id\":\"https:\/\/mindblitz.io\/#website\"},\"datePublished\":\"2024-01-03T12:02:54+00:00\",\"dateModified\":\"2025-05-30T12:38:54+00:00\",\"breadcrumb\":{\"@id\":\"https:\/\/mindblitz.io\/terms-and-conditions\/#breadcrumb\"},\"inLanguage\":\"it-IT\",\"potentialAction\":[{\"@type\":\"ReadAction\",\"target\":[\"https:\/\/mindblitz.io\/terms-and-conditions\/\"]}]},{\"@type\":\"BreadcrumbList\",\"@id\":\"https:\/\/mindblitz.io\/terms-and-conditions\/#breadcrumb\",\"itemListElement\":[{\"@type\":\"ListItem\",\"position\":1,\"name\":\"Home\",\"item\":\"https:\/\/mindblitz.io\/\"},{\"@type\":\"ListItem\",\"position\":2,\"name\":\"Terms and Conditions\"}]},{\"@type\":\"WebSite\",\"@id\":\"https:\/\/mindblitz.io\/#website\",\"url\":\"https:\/\/mindblitz.io\/\",\"name\":\"MindBlitz\",\"description\":\"\",\"publisher\":{\"@id\":\"https:\/\/mindblitz.io\/#organization\"},\"potentialAction\":[{\"@type\":\"SearchAction\",\"target\":{\"@type\":\"EntryPoint\",\"urlTemplate\":\"https:\/\/mindblitz.io\/?s={search_term_string}\"},\"query-input\":\"required name=search_term_string\"}],\"inLanguage\":\"it-IT\"},{\"@type\":\"Organization\",\"@id\":\"https:\/\/mindblitz.io\/#organization\",\"name\":\"MindBlitz\",\"url\":\"https:\/\/mindblitz.io\/\",\"logo\":{\"@type\":\"ImageObject\",\"inLanguage\":\"it-IT\",\"@id\":\"https:\/\/mindblitz.io\/#\/schema\/logo\/image\/\",\"url\":\"https:\/\/mindblitz.io\/wp-content\/uploads\/2024\/01\/mindblitz_logo.svg\",\"contentUrl\":\"https:\/\/mindblitz.io\/wp-content\/uploads\/2024\/01\/mindblitz_logo.svg\",\"width\":161,\"height\":22,\"caption\":\"MindBlitz\"},\"image\":{\"@id\":\"https:\/\/mindblitz.io\/#\/schema\/logo\/image\/\"}}]}<\/script>\n<!-- \/ Yoast SEO plugin. -->","yoast_head_json":{"title":"Terms and Conditions - MindBlitz","robots":{"index":"index","follow":"follow","max-snippet":"max-snippet:-1","max-image-preview":"max-image-preview:large","max-video-preview":"max-video-preview:-1"},"canonical":"https:\/\/mindblitz.io\/it\/terms-and-conditions\/","og_locale":"it_IT","og_type":"article","og_title":"Terms and Conditions - MindBlitz","og_description":"MindBlitz is the official service for job seekers and businesses needing HR services, offering advice, job opportunities, and additional HR services. The service is owned and operated by Mindblitz LTD, registration number 15304656, email: support@mindblitz.io; phone: +447488848310. We aim to assist clients in making well-informed decisions about employment opportunities and career paths. Intellectual Property Rights [&hellip;]","og_url":"https:\/\/mindblitz.io\/it\/terms-and-conditions\/","og_site_name":"MindBlitz","article_modified_time":"2025-05-30T12:38:54+00:00","og_image":[{"width":1000,"height":1000,"url":"http:\/\/mindblitz.io\/wp-content\/uploads\/2024\/01\/Avatar-2.png","type":"image\/png"}],"twitter_card":"summary_large_image","twitter_misc":{"Tempo di lettura stimato":"8 minuti"},"schema":{"@context":"https:\/\/schema.org","@graph":[{"@type":"WebPage","@id":"https:\/\/mindblitz.io\/terms-and-conditions\/","url":"https:\/\/mindblitz.io\/terms-and-conditions\/","name":"Terms and Conditions - MindBlitz","isPartOf":{"@id":"https:\/\/mindblitz.io\/#website"},"datePublished":"2024-01-03T12:02:54+00:00","dateModified":"2025-05-30T12:38:54+00:00","breadcrumb":{"@id":"https:\/\/mindblitz.io\/terms-and-conditions\/#breadcrumb"},"inLanguage":"it-IT","potentialAction":[{"@type":"ReadAction","target":["https:\/\/mindblitz.io\/terms-and-conditions\/"]}]},{"@type":"BreadcrumbList","@id":"https:\/\/mindblitz.io\/terms-and-conditions\/#breadcrumb","itemListElement":[{"@type":"ListItem","position":1,"name":"Home","item":"https:\/\/mindblitz.io\/"},{"@type":"ListItem","position":2,"name":"Terms and Conditions"}]},{"@type":"WebSite","@id":"https:\/\/mindblitz.io\/#website","url":"https:\/\/mindblitz.io\/","name":"MindBlitz","description":"","publisher":{"@id":"https:\/\/mindblitz.io\/#organization"},"potentialAction":[{"@type":"SearchAction","target":{"@type":"EntryPoint","urlTemplate":"https:\/\/mindblitz.io\/?s={search_term_string}"},"query-input":"required name=search_term_string"}],"inLanguage":"it-IT"},{"@type":"Organization","@id":"https:\/\/mindblitz.io\/#organization","name":"MindBlitz","url":"https:\/\/mindblitz.io\/","logo":{"@type":"ImageObject","inLanguage":"it-IT","@id":"https:\/\/mindblitz.io\/#\/schema\/logo\/image\/","url":"https:\/\/mindblitz.io\/wp-content\/uploads\/2024\/01\/mindblitz_logo.svg","contentUrl":"https:\/\/mindblitz.io\/wp-content\/uploads\/2024\/01\/mindblitz_logo.svg","width":161,"height":22,"caption":"MindBlitz"},"image":{"@id":"https:\/\/mindblitz.io\/#\/schema\/logo\/image\/"}}]}},"_links":{"self":[{"href":"https:\/\/mindblitz.io\/it\/wp-json\/wp\/v2\/pages\/172"}],"collection":[{"href":"https:\/\/mindblitz.io\/it\/wp-json\/wp\/v2\/pages"}],"about":[{"href":"https:\/\/mindblitz.io\/it\/wp-json\/wp\/v2\/types\/page"}],"author":[{"embeddable":true,"href":"https:\/\/mindblitz.io\/it\/wp-json\/wp\/v2\/users\/1"}],"replies":[{"embeddable":true,"href":"https:\/\/mindblitz.io\/it\/wp-json\/wp\/v2\/comments?post=172"}],"version-history":[{"count":7,"href":"https:\/\/mindblitz.io\/it\/wp-json\/wp\/v2\/pages\/172\/revisions"}],"predecessor-version":[{"id":403,"href":"https:\/\/mindblitz.io\/it\/wp-json\/wp\/v2\/pages\/172\/revisions\/403"}],"wp:featuredmedia":[{"embeddable":true,"href":"https:\/\/mindblitz.io\/it\/wp-json\/wp\/v2\/media\/208"}],"wp:attachment":[{"href":"https:\/\/mindblitz.io\/it\/wp-json\/wp\/v2\/media?parent=172"}],"curies":[{"name":"wp","href":"https:\/\/api.w.org\/{rel}","templated":true}]}}