{"id":95,"date":"2023-12-29T10:28:16","date_gmt":"2023-12-29T10:28:16","guid":{"rendered":"https:\/\/mindblitz.io\/?post_type=product&#038;p=95"},"modified":"2023-12-29T10:28:30","modified_gmt":"2023-12-29T10:28:30","slug":"skill-assessment","status":"publish","type":"product","link":"https:\/\/mindblitz.io\/de\/produkt\/skill-assessment\/","title":{"rendered":"Bewertung der F\u00e4higkeiten"},"content":{"rendered":"<p>Evaluieren und erweitern Sie Ihre F\u00e4higkeiten. Ermitteln Sie Ihre St\u00e4rken und verbesserungsw\u00fcrdigen Bereiche und stimmen Sie Ihre F\u00e4higkeiten mit den Anforderungen der Branche ab, um Ihre berufliche Laufbahn zielgerichteter und erfolgreicher zu gestalten.<\/p>","protected":false},"excerpt":{"rendered":"<p>Evaluieren und erweitern Sie Ihre F\u00e4higkeiten. Ermitteln Sie Ihre St\u00e4rken und verbesserungsw\u00fcrdigen Bereiche und stimmen Sie Ihre F\u00e4higkeiten mit den Anforderungen der Branche ab, um Ihre berufliche Laufbahn zielgerichteter und erfolgreicher zu gestalten.<\/p>","protected":false},"featured_media":0,"comment_status":"open","ping_status":"closed","template":"","meta":[],"product_cat":[21],"product_tag":[],"acf":[],"yoast_head":"<!-- This site is optimized with the Yoast SEO plugin v21.7 - https:\/\/yoast.com\/wordpress\/plugins\/seo\/ -->\n<title>Skill assessment - MindBlitz<\/title>\n<meta name=\"robots\" content=\"index, follow, max-snippet:-1, max-image-preview:large, max-video-preview:-1\" \/>\n<link rel=\"canonical\" href=\"https:\/\/mindblitz.io\/de\/produkt\/skill-assessment\/\" \/>\n<meta property=\"og:locale\" content=\"de_DE\" \/>\n<meta property=\"og:type\" content=\"article\" \/>\n<meta property=\"og:title\" content=\"Skill assessment - MindBlitz\" \/>\n<meta property=\"og:description\" content=\"Evaluate and enhance your skills. Identify strengths and areas for improvement, and align your capabilities with industry demands for a more targeted and successful career journey.\" \/>\n<meta property=\"og:url\" content=\"https:\/\/mindblitz.io\/de\/produkt\/skill-assessment\/\" \/>\n<meta property=\"og:site_name\" content=\"MindBlitz\" \/>\n<meta property=\"article:modified_time\" content=\"2023-12-29T10:28:30+00:00\" \/>\n<meta name=\"twitter:card\" content=\"summary_large_image\" \/>\n<meta name=\"twitter:label1\" content=\"Gesch\u00e4tzte Lesezeit\" \/>\n\t<meta name=\"twitter:data1\" content=\"1\u00a0Minute\" \/>\n<script type=\"application\/ld+json\" class=\"yoast-schema-graph\">{\"@context\":\"https:\/\/schema.org\",\"@graph\":[{\"@type\":\"WebPage\",\"@id\":\"https:\/\/mindblitz.io\/product\/skill-assessment\/\",\"url\":\"https:\/\/mindblitz.io\/product\/skill-assessment\/\",\"name\":\"Skill assessment - MindBlitz\",\"isPartOf\":{\"@id\":\"https:\/\/mindblitz.io\/#website\"},\"datePublished\":\"2023-12-29T10:28:16+00:00\",\"dateModified\":\"2023-12-29T10:28:30+00:00\",\"breadcrumb\":{\"@id\":\"https:\/\/mindblitz.io\/product\/skill-assessment\/#breadcrumb\"},\"inLanguage\":\"de\",\"potentialAction\":[{\"@type\":\"ReadAction\",\"target\":[\"https:\/\/mindblitz.io\/product\/skill-assessment\/\"]}]},{\"@type\":\"BreadcrumbList\",\"@id\":\"https:\/\/mindblitz.io\/product\/skill-assessment\/#breadcrumb\",\"itemListElement\":[{\"@type\":\"ListItem\",\"position\":1,\"name\":\"Home\",\"item\":\"https:\/\/mindblitz.io\/\"},{\"@type\":\"ListItem\",\"position\":2,\"name\":\"Skill assessment\"}]},{\"@type\":\"WebSite\",\"@id\":\"https:\/\/mindblitz.io\/#website\",\"url\":\"https:\/\/mindblitz.io\/\",\"name\":\"MindBlitz\",\"description\":\"\",\"publisher\":{\"@id\":\"https:\/\/mindblitz.io\/#organization\"},\"potentialAction\":[{\"@type\":\"SearchAction\",\"target\":{\"@type\":\"EntryPoint\",\"urlTemplate\":\"https:\/\/mindblitz.io\/?s={search_term_string}\"},\"query-input\":\"required name=search_term_string\"}],\"inLanguage\":\"de\"},{\"@type\":\"Organization\",\"@id\":\"https:\/\/mindblitz.io\/#organization\",\"name\":\"MindBlitz\",\"url\":\"https:\/\/mindblitz.io\/\",\"logo\":{\"@type\":\"ImageObject\",\"inLanguage\":\"de\",\"@id\":\"https:\/\/mindblitz.io\/#\/schema\/logo\/image\/\",\"url\":\"https:\/\/mindblitz.io\/wp-content\/uploads\/2024\/01\/mindblitz_logo.svg\",\"contentUrl\":\"https:\/\/mindblitz.io\/wp-content\/uploads\/2024\/01\/mindblitz_logo.svg\",\"width\":161,\"height\":22,\"caption\":\"MindBlitz\"},\"image\":{\"@id\":\"https:\/\/mindblitz.io\/#\/schema\/logo\/image\/\"}}]}<\/script>\n<!-- \/ Yoast SEO plugin. -->","yoast_head_json":{"title":"Skill assessment - MindBlitz","robots":{"index":"index","follow":"follow","max-snippet":"max-snippet:-1","max-image-preview":"max-image-preview:large","max-video-preview":"max-video-preview:-1"},"canonical":"https:\/\/mindblitz.io\/de\/produkt\/skill-assessment\/","og_locale":"de_DE","og_type":"article","og_title":"Skill assessment - MindBlitz","og_description":"Evaluate and enhance your skills. Identify strengths and areas for improvement, and align your capabilities with industry demands for a more targeted and successful career journey.","og_url":"https:\/\/mindblitz.io\/de\/produkt\/skill-assessment\/","og_site_name":"MindBlitz","article_modified_time":"2023-12-29T10:28:30+00:00","twitter_card":"summary_large_image","twitter_misc":{"Gesch\u00e4tzte Lesezeit":"1\u00a0Minute"},"schema":{"@context":"https:\/\/schema.org","@graph":[{"@type":"WebPage","@id":"https:\/\/mindblitz.io\/product\/skill-assessment\/","url":"https:\/\/mindblitz.io\/product\/skill-assessment\/","name":"Skill assessment - MindBlitz","isPartOf":{"@id":"https:\/\/mindblitz.io\/#website"},"datePublished":"2023-12-29T10:28:16+00:00","dateModified":"2023-12-29T10:28:30+00:00","breadcrumb":{"@id":"https:\/\/mindblitz.io\/product\/skill-assessment\/#breadcrumb"},"inLanguage":"de","potentialAction":[{"@type":"ReadAction","target":["https:\/\/mindblitz.io\/product\/skill-assessment\/"]}]},{"@type":"BreadcrumbList","@id":"https:\/\/mindblitz.io\/product\/skill-assessment\/#breadcrumb","itemListElement":[{"@type":"ListItem","position":1,"name":"Home","item":"https:\/\/mindblitz.io\/"},{"@type":"ListItem","position":2,"name":"Skill assessment"}]},{"@type":"WebSite","@id":"https:\/\/mindblitz.io\/#website","url":"https:\/\/mindblitz.io\/","name":"MindBlitz","description":"","publisher":{"@id":"https:\/\/mindblitz.io\/#organization"},"potentialAction":[{"@type":"SearchAction","target":{"@type":"EntryPoint","urlTemplate":"https:\/\/mindblitz.io\/?s={search_term_string}"},"query-input":"required name=search_term_string"}],"inLanguage":"de"},{"@type":"Organization","@id":"https:\/\/mindblitz.io\/#organization","name":"MindBlitz","url":"https:\/\/mindblitz.io\/","logo":{"@type":"ImageObject","inLanguage":"de","@id":"https:\/\/mindblitz.io\/#\/schema\/logo\/image\/","url":"https:\/\/mindblitz.io\/wp-content\/uploads\/2024\/01\/mindblitz_logo.svg","contentUrl":"https:\/\/mindblitz.io\/wp-content\/uploads\/2024\/01\/mindblitz_logo.svg","width":161,"height":22,"caption":"MindBlitz"},"image":{"@id":"https:\/\/mindblitz.io\/#\/schema\/logo\/image\/"}}]}},"_links":{"self":[{"href":"https:\/\/mindblitz.io\/de\/wp-json\/wp\/v2\/product\/95"}],"collection":[{"href":"https:\/\/mindblitz.io\/de\/wp-json\/wp\/v2\/product"}],"about":[{"href":"https:\/\/mindblitz.io\/de\/wp-json\/wp\/v2\/types\/product"}],"replies":[{"embeddable":true,"href":"https:\/\/mindblitz.io\/de\/wp-json\/wp\/v2\/comments?post=95"}],"wp:attachment":[{"href":"https:\/\/mindblitz.io\/de\/wp-json\/wp\/v2\/media?parent=95"}],"wp:term":[{"taxonomy":"product_cat","embeddable":true,"href":"https:\/\/mindblitz.io\/de\/wp-json\/wp\/v2\/product_cat?post=95"},{"taxonomy":"product_tag","embeddable":true,"href":"https:\/\/mindblitz.io\/de\/wp-json\/wp\/v2\/product_tag?post=95"}],"curies":[{"name":"wp","href":"https:\/\/api.w.org\/{rel}","templated":true}]}}