{"id":88,"date":"2023-12-29T10:24:35","date_gmt":"2023-12-29T10:24:35","guid":{"rendered":"https:\/\/mindblitz.io\/?post_type=product&#038;p=88"},"modified":"2023-12-29T10:24:51","modified_gmt":"2023-12-29T10:24:51","slug":"cover-letter","status":"publish","type":"product","link":"https:\/\/mindblitz.io\/de\/produkt\/cover-letter\/","title":{"rendered":"Anschreiben"},"content":{"rendered":"<p>Heben Sie sich bei Bewerbungen hervor. Unser Expertenteam sammelt Erkenntnisse \u00fcber Ihre einzigartigen St\u00e4rken und Ziele und erstellt ein individuelles Anschreiben, das Ihren Lebenslauf erg\u00e4nzt und Ihren Wert f\u00fcr potenzielle Arbeitgeber effektiv vermittelt.<\/p>","protected":false},"excerpt":{"rendered":"<p>Heben Sie sich bei Bewerbungen hervor. Unser Expertenteam sammelt Erkenntnisse \u00fcber Ihre einzigartigen St\u00e4rken und Ziele und erstellt ein individuelles Anschreiben, das Ihren Lebenslauf erg\u00e4nzt und Ihren Wert f\u00fcr potenzielle Arbeitgeber effektiv vermittelt.<\/p>","protected":false},"featured_media":0,"comment_status":"open","ping_status":"closed","template":"","meta":[],"product_cat":[21],"product_tag":[],"acf":[],"yoast_head":"<!-- This site is optimized with the Yoast SEO plugin v21.7 - https:\/\/yoast.com\/wordpress\/plugins\/seo\/ -->\n<title>Cover letter - MindBlitz<\/title>\n<meta name=\"robots\" content=\"index, follow, max-snippet:-1, max-image-preview:large, max-video-preview:-1\" \/>\n<link rel=\"canonical\" href=\"https:\/\/mindblitz.io\/de\/produkt\/cover-letter\/\" \/>\n<meta property=\"og:locale\" content=\"de_DE\" \/>\n<meta property=\"og:type\" content=\"article\" \/>\n<meta property=\"og:title\" content=\"Cover letter - MindBlitz\" \/>\n<meta property=\"og:description\" content=\"Stand out in job applications. Our expert team gathers insights into your unique strengths and aspirations, creating a personalised cover letter that complements your resume and effectively communicates your value to potential employers.\" \/>\n<meta property=\"og:url\" content=\"https:\/\/mindblitz.io\/de\/produkt\/cover-letter\/\" \/>\n<meta property=\"og:site_name\" content=\"MindBlitz\" \/>\n<meta property=\"article:modified_time\" content=\"2023-12-29T10:24:51+00:00\" \/>\n<meta name=\"twitter:card\" content=\"summary_large_image\" \/>\n<meta name=\"twitter:label1\" content=\"Gesch\u00e4tzte Lesezeit\" \/>\n\t<meta name=\"twitter:data1\" content=\"1\u00a0Minute\" \/>\n<script type=\"application\/ld+json\" class=\"yoast-schema-graph\">{\"@context\":\"https:\/\/schema.org\",\"@graph\":[{\"@type\":\"WebPage\",\"@id\":\"https:\/\/mindblitz.io\/product\/cover-letter\/\",\"url\":\"https:\/\/mindblitz.io\/product\/cover-letter\/\",\"name\":\"Cover letter - MindBlitz\",\"isPartOf\":{\"@id\":\"https:\/\/mindblitz.io\/#website\"},\"datePublished\":\"2023-12-29T10:24:35+00:00\",\"dateModified\":\"2023-12-29T10:24:51+00:00\",\"breadcrumb\":{\"@id\":\"https:\/\/mindblitz.io\/product\/cover-letter\/#breadcrumb\"},\"inLanguage\":\"de\",\"potentialAction\":[{\"@type\":\"ReadAction\",\"target\":[\"https:\/\/mindblitz.io\/product\/cover-letter\/\"]}]},{\"@type\":\"BreadcrumbList\",\"@id\":\"https:\/\/mindblitz.io\/product\/cover-letter\/#breadcrumb\",\"itemListElement\":[{\"@type\":\"ListItem\",\"position\":1,\"name\":\"Home\",\"item\":\"https:\/\/mindblitz.io\/\"},{\"@type\":\"ListItem\",\"position\":2,\"name\":\"Cover letter\"}]},{\"@type\":\"WebSite\",\"@id\":\"https:\/\/mindblitz.io\/#website\",\"url\":\"https:\/\/mindblitz.io\/\",\"name\":\"MindBlitz\",\"description\":\"\",\"publisher\":{\"@id\":\"https:\/\/mindblitz.io\/#organization\"},\"potentialAction\":[{\"@type\":\"SearchAction\",\"target\":{\"@type\":\"EntryPoint\",\"urlTemplate\":\"https:\/\/mindblitz.io\/?s={search_term_string}\"},\"query-input\":\"required name=search_term_string\"}],\"inLanguage\":\"de\"},{\"@type\":\"Organization\",\"@id\":\"https:\/\/mindblitz.io\/#organization\",\"name\":\"MindBlitz\",\"url\":\"https:\/\/mindblitz.io\/\",\"logo\":{\"@type\":\"ImageObject\",\"inLanguage\":\"de\",\"@id\":\"https:\/\/mindblitz.io\/#\/schema\/logo\/image\/\",\"url\":\"https:\/\/mindblitz.io\/wp-content\/uploads\/2024\/01\/mindblitz_logo.svg\",\"contentUrl\":\"https:\/\/mindblitz.io\/wp-content\/uploads\/2024\/01\/mindblitz_logo.svg\",\"width\":161,\"height\":22,\"caption\":\"MindBlitz\"},\"image\":{\"@id\":\"https:\/\/mindblitz.io\/#\/schema\/logo\/image\/\"}}]}<\/script>\n<!-- \/ Yoast SEO plugin. -->","yoast_head_json":{"title":"Cover letter - MindBlitz","robots":{"index":"index","follow":"follow","max-snippet":"max-snippet:-1","max-image-preview":"max-image-preview:large","max-video-preview":"max-video-preview:-1"},"canonical":"https:\/\/mindblitz.io\/de\/produkt\/cover-letter\/","og_locale":"de_DE","og_type":"article","og_title":"Cover letter - MindBlitz","og_description":"Stand out in job applications. Our expert team gathers insights into your unique strengths and aspirations, creating a personalised cover letter that complements your resume and effectively communicates your value to potential employers.","og_url":"https:\/\/mindblitz.io\/de\/produkt\/cover-letter\/","og_site_name":"MindBlitz","article_modified_time":"2023-12-29T10:24:51+00:00","twitter_card":"summary_large_image","twitter_misc":{"Gesch\u00e4tzte Lesezeit":"1\u00a0Minute"},"schema":{"@context":"https:\/\/schema.org","@graph":[{"@type":"WebPage","@id":"https:\/\/mindblitz.io\/product\/cover-letter\/","url":"https:\/\/mindblitz.io\/product\/cover-letter\/","name":"Cover letter - MindBlitz","isPartOf":{"@id":"https:\/\/mindblitz.io\/#website"},"datePublished":"2023-12-29T10:24:35+00:00","dateModified":"2023-12-29T10:24:51+00:00","breadcrumb":{"@id":"https:\/\/mindblitz.io\/product\/cover-letter\/#breadcrumb"},"inLanguage":"de","potentialAction":[{"@type":"ReadAction","target":["https:\/\/mindblitz.io\/product\/cover-letter\/"]}]},{"@type":"BreadcrumbList","@id":"https:\/\/mindblitz.io\/product\/cover-letter\/#breadcrumb","itemListElement":[{"@type":"ListItem","position":1,"name":"Home","item":"https:\/\/mindblitz.io\/"},{"@type":"ListItem","position":2,"name":"Cover letter"}]},{"@type":"WebSite","@id":"https:\/\/mindblitz.io\/#website","url":"https:\/\/mindblitz.io\/","name":"MindBlitz","description":"","publisher":{"@id":"https:\/\/mindblitz.io\/#organization"},"potentialAction":[{"@type":"SearchAction","target":{"@type":"EntryPoint","urlTemplate":"https:\/\/mindblitz.io\/?s={search_term_string}"},"query-input":"required name=search_term_string"}],"inLanguage":"de"},{"@type":"Organization","@id":"https:\/\/mindblitz.io\/#organization","name":"MindBlitz","url":"https:\/\/mindblitz.io\/","logo":{"@type":"ImageObject","inLanguage":"de","@id":"https:\/\/mindblitz.io\/#\/schema\/logo\/image\/","url":"https:\/\/mindblitz.io\/wp-content\/uploads\/2024\/01\/mindblitz_logo.svg","contentUrl":"https:\/\/mindblitz.io\/wp-content\/uploads\/2024\/01\/mindblitz_logo.svg","width":161,"height":22,"caption":"MindBlitz"},"image":{"@id":"https:\/\/mindblitz.io\/#\/schema\/logo\/image\/"}}]}},"_links":{"self":[{"href":"https:\/\/mindblitz.io\/de\/wp-json\/wp\/v2\/product\/88"}],"collection":[{"href":"https:\/\/mindblitz.io\/de\/wp-json\/wp\/v2\/product"}],"about":[{"href":"https:\/\/mindblitz.io\/de\/wp-json\/wp\/v2\/types\/product"}],"replies":[{"embeddable":true,"href":"https:\/\/mindblitz.io\/de\/wp-json\/wp\/v2\/comments?post=88"}],"wp:attachment":[{"href":"https:\/\/mindblitz.io\/de\/wp-json\/wp\/v2\/media?parent=88"}],"wp:term":[{"taxonomy":"product_cat","embeddable":true,"href":"https:\/\/mindblitz.io\/de\/wp-json\/wp\/v2\/product_cat?post=88"},{"taxonomy":"product_tag","embeddable":true,"href":"https:\/\/mindblitz.io\/de\/wp-json\/wp\/v2\/product_tag?post=88"}],"curies":[{"name":"wp","href":"https:\/\/api.w.org\/{rel}","templated":true}]}}