{"id":102,"date":"2023-12-29T10:58:00","date_gmt":"2023-12-29T10:58:00","guid":{"rendered":"https:\/\/mindblitz.io\/?post_type=product&#038;p=102"},"modified":"2023-12-29T10:58:01","modified_gmt":"2023-12-29T10:58:01","slug":"outplacement-service","status":"publish","type":"product","link":"https:\/\/mindblitz.io\/de\/produkt\/outplacement-service\/","title":{"rendered":"Outplacement-Dienst"},"content":{"rendered":"<p><span style=\"font-weight: 400;\">\u00dcberg\u00e4nge in der Belegschaft einf\u00fchlsam gestalten. Dieser Dienst unterst\u00fctzt Arbeitnehmer und Arbeitgeber und sorgt f\u00fcr einen positiven Ausstieg, indem er Berufsberatung und Unterst\u00fctzung bei der Stellensuche w\u00e4hrend der gesch\u00e4ftlichen Ver\u00e4nderungen bietet.<\/span><\/p>","protected":false},"excerpt":{"rendered":"<p>\u00dcberg\u00e4nge in der Belegschaft einf\u00fchlsam gestalten. Dieser Dienst unterst\u00fctzt Arbeitnehmer und Arbeitgeber und sorgt f\u00fcr einen positiven Ausstieg, indem er Berufsberatung und Unterst\u00fctzung bei der Stellensuche w\u00e4hrend der gesch\u00e4ftlichen Ver\u00e4nderungen bietet.<\/p>","protected":false},"featured_media":0,"comment_status":"open","ping_status":"closed","template":"","meta":[],"product_cat":[22],"product_tag":[],"acf":[],"yoast_head":"<!-- This site is optimized with the Yoast SEO plugin v21.7 - https:\/\/yoast.com\/wordpress\/plugins\/seo\/ -->\n<title>Outplacement service - MindBlitz<\/title>\n<meta name=\"robots\" content=\"index, follow, max-snippet:-1, max-image-preview:large, max-video-preview:-1\" \/>\n<link rel=\"canonical\" href=\"https:\/\/mindblitz.io\/de\/produkt\/outplacement-service\/\" \/>\n<meta property=\"og:locale\" content=\"de_DE\" \/>\n<meta property=\"og:type\" content=\"article\" \/>\n<meta property=\"og:title\" content=\"Outplacement service - MindBlitz\" \/>\n<meta property=\"og:description\" content=\"Navigate workforce transitions with compassion. Supporting employees and employers, this service ensures a positive departure experience, offering career guidance and job search assistance during business changes.\" \/>\n<meta property=\"og:url\" content=\"https:\/\/mindblitz.io\/de\/produkt\/outplacement-service\/\" \/>\n<meta property=\"og:site_name\" content=\"MindBlitz\" \/>\n<meta property=\"article:modified_time\" content=\"2023-12-29T10:58:01+00:00\" \/>\n<meta name=\"twitter:card\" content=\"summary_large_image\" \/>\n<meta name=\"twitter:label1\" content=\"Gesch\u00e4tzte Lesezeit\" \/>\n\t<meta name=\"twitter:data1\" content=\"1\u00a0Minute\" \/>\n<script type=\"application\/ld+json\" class=\"yoast-schema-graph\">{\"@context\":\"https:\/\/schema.org\",\"@graph\":[{\"@type\":\"WebPage\",\"@id\":\"https:\/\/mindblitz.io\/product\/outplacement-service\/\",\"url\":\"https:\/\/mindblitz.io\/product\/outplacement-service\/\",\"name\":\"Outplacement service - MindBlitz\",\"isPartOf\":{\"@id\":\"https:\/\/mindblitz.io\/#website\"},\"datePublished\":\"2023-12-29T10:58:00+00:00\",\"dateModified\":\"2023-12-29T10:58:01+00:00\",\"breadcrumb\":{\"@id\":\"https:\/\/mindblitz.io\/product\/outplacement-service\/#breadcrumb\"},\"inLanguage\":\"de\",\"potentialAction\":[{\"@type\":\"ReadAction\",\"target\":[\"https:\/\/mindblitz.io\/product\/outplacement-service\/\"]}]},{\"@type\":\"BreadcrumbList\",\"@id\":\"https:\/\/mindblitz.io\/product\/outplacement-service\/#breadcrumb\",\"itemListElement\":[{\"@type\":\"ListItem\",\"position\":1,\"name\":\"Home\",\"item\":\"https:\/\/mindblitz.io\/\"},{\"@type\":\"ListItem\",\"position\":2,\"name\":\"Outplacement service\"}]},{\"@type\":\"WebSite\",\"@id\":\"https:\/\/mindblitz.io\/#website\",\"url\":\"https:\/\/mindblitz.io\/\",\"name\":\"MindBlitz\",\"description\":\"\",\"publisher\":{\"@id\":\"https:\/\/mindblitz.io\/#organization\"},\"potentialAction\":[{\"@type\":\"SearchAction\",\"target\":{\"@type\":\"EntryPoint\",\"urlTemplate\":\"https:\/\/mindblitz.io\/?s={search_term_string}\"},\"query-input\":\"required name=search_term_string\"}],\"inLanguage\":\"de\"},{\"@type\":\"Organization\",\"@id\":\"https:\/\/mindblitz.io\/#organization\",\"name\":\"MindBlitz\",\"url\":\"https:\/\/mindblitz.io\/\",\"logo\":{\"@type\":\"ImageObject\",\"inLanguage\":\"de\",\"@id\":\"https:\/\/mindblitz.io\/#\/schema\/logo\/image\/\",\"url\":\"https:\/\/mindblitz.io\/wp-content\/uploads\/2024\/01\/mindblitz_logo.svg\",\"contentUrl\":\"https:\/\/mindblitz.io\/wp-content\/uploads\/2024\/01\/mindblitz_logo.svg\",\"width\":161,\"height\":22,\"caption\":\"MindBlitz\"},\"image\":{\"@id\":\"https:\/\/mindblitz.io\/#\/schema\/logo\/image\/\"}}]}<\/script>\n<!-- \/ Yoast SEO plugin. -->","yoast_head_json":{"title":"Outplacement service - MindBlitz","robots":{"index":"index","follow":"follow","max-snippet":"max-snippet:-1","max-image-preview":"max-image-preview:large","max-video-preview":"max-video-preview:-1"},"canonical":"https:\/\/mindblitz.io\/de\/produkt\/outplacement-service\/","og_locale":"de_DE","og_type":"article","og_title":"Outplacement service - MindBlitz","og_description":"Navigate workforce transitions with compassion. Supporting employees and employers, this service ensures a positive departure experience, offering career guidance and job search assistance during business changes.","og_url":"https:\/\/mindblitz.io\/de\/produkt\/outplacement-service\/","og_site_name":"MindBlitz","article_modified_time":"2023-12-29T10:58:01+00:00","twitter_card":"summary_large_image","twitter_misc":{"Gesch\u00e4tzte Lesezeit":"1\u00a0Minute"},"schema":{"@context":"https:\/\/schema.org","@graph":[{"@type":"WebPage","@id":"https:\/\/mindblitz.io\/product\/outplacement-service\/","url":"https:\/\/mindblitz.io\/product\/outplacement-service\/","name":"Outplacement service - MindBlitz","isPartOf":{"@id":"https:\/\/mindblitz.io\/#website"},"datePublished":"2023-12-29T10:58:00+00:00","dateModified":"2023-12-29T10:58:01+00:00","breadcrumb":{"@id":"https:\/\/mindblitz.io\/product\/outplacement-service\/#breadcrumb"},"inLanguage":"de","potentialAction":[{"@type":"ReadAction","target":["https:\/\/mindblitz.io\/product\/outplacement-service\/"]}]},{"@type":"BreadcrumbList","@id":"https:\/\/mindblitz.io\/product\/outplacement-service\/#breadcrumb","itemListElement":[{"@type":"ListItem","position":1,"name":"Home","item":"https:\/\/mindblitz.io\/"},{"@type":"ListItem","position":2,"name":"Outplacement service"}]},{"@type":"WebSite","@id":"https:\/\/mindblitz.io\/#website","url":"https:\/\/mindblitz.io\/","name":"MindBlitz","description":"","publisher":{"@id":"https:\/\/mindblitz.io\/#organization"},"potentialAction":[{"@type":"SearchAction","target":{"@type":"EntryPoint","urlTemplate":"https:\/\/mindblitz.io\/?s={search_term_string}"},"query-input":"required name=search_term_string"}],"inLanguage":"de"},{"@type":"Organization","@id":"https:\/\/mindblitz.io\/#organization","name":"MindBlitz","url":"https:\/\/mindblitz.io\/","logo":{"@type":"ImageObject","inLanguage":"de","@id":"https:\/\/mindblitz.io\/#\/schema\/logo\/image\/","url":"https:\/\/mindblitz.io\/wp-content\/uploads\/2024\/01\/mindblitz_logo.svg","contentUrl":"https:\/\/mindblitz.io\/wp-content\/uploads\/2024\/01\/mindblitz_logo.svg","width":161,"height":22,"caption":"MindBlitz"},"image":{"@id":"https:\/\/mindblitz.io\/#\/schema\/logo\/image\/"}}]}},"_links":{"self":[{"href":"https:\/\/mindblitz.io\/de\/wp-json\/wp\/v2\/product\/102"}],"collection":[{"href":"https:\/\/mindblitz.io\/de\/wp-json\/wp\/v2\/product"}],"about":[{"href":"https:\/\/mindblitz.io\/de\/wp-json\/wp\/v2\/types\/product"}],"replies":[{"embeddable":true,"href":"https:\/\/mindblitz.io\/de\/wp-json\/wp\/v2\/comments?post=102"}],"wp:attachment":[{"href":"https:\/\/mindblitz.io\/de\/wp-json\/wp\/v2\/media?parent=102"}],"wp:term":[{"taxonomy":"product_cat","embeddable":true,"href":"https:\/\/mindblitz.io\/de\/wp-json\/wp\/v2\/product_cat?post=102"},{"taxonomy":"product_tag","embeddable":true,"href":"https:\/\/mindblitz.io\/de\/wp-json\/wp\/v2\/product_tag?post=102"}],"curies":[{"name":"wp","href":"https:\/\/api.w.org\/{rel}","templated":true}]}}