{"id":296,"date":"2024-01-09T13:51:23","date_gmt":"2024-01-09T13:51:23","guid":{"rendered":"https:\/\/mindblitz.io\/?page_id=296"},"modified":"2024-01-09T13:51:53","modified_gmt":"2024-01-09T13:51:53","slug":"sign-up","status":"publish","type":"page","link":"https:\/\/mindblitz.io\/de\/sign-up\/","title":{"rendered":"Anmeldung"},"content":{"rendered":"<div class=\"woocommerce-notices-wrapper\"><\/div><div class=\"woocommerce frm\">\n\t\n      <form id=\"register\" method=\"post\" class=\"woocommerce-form woocommerce-form-register register\" action=\"\"  >\n          \n          \n         <p class=\"woocommerce-form-row woocommerce-form-row--wide form-row form-row-wide register-first\">\n            <!--<label for=\"reg_email\">E-Mail-Adresse <span class=\"required\">*<\/span><\/label>-->\n            <input required placeholder=\"E-Mail-Adresse\" type=\"email\" class=\"woocommerce-Input woocommerce-Input--text input-text\" name=\"email\" id=\"reg_email\" autocomplete=\"email\" value=\"\" data-no-translation-placeholder=\"\" \/>         <\/p>\n        \n          \n            <p class=\"woocommerce-form-row woocommerce-form-row--wide form-row form-row-wide\">\n               <!--<label for=\"reg_password\">Passwort <span class=\"required\">*<\/span><\/label>-->\n           \n\t\t\t\t<input required placeholder=\"Passwort\" type=\"password\" class=\"woocommerce-Input woocommerce-Input--text input-text\" name=\"password\" id=\"reg_password\" autocomplete=\"new-password\" data-no-translation-placeholder=\"\" \/>\n\t\t\t\t  \n\t\t\t\t\n            <\/p>\n \n          \n             <p class=\"form-row woocommerce-form-row form-row-wide password\">\n       <!-- <label for=\"reg_password2\">Best\u00e4tigen Sie das Passwort <span class=\"required\">*<\/span><\/label>-->\n\t\t<span class=\"password-input\">\n        <input required placeholder=\"Best\u00e4tigen Sie das Passwort\" type=\"password\" class=\"input-text\" name=\"password2\" id=\"reg_password2\" value=\"\" data-no-translation-placeholder=\"\" \/>\n\t\t<\/span>\n    <\/p>\n        \n    <p style=\"margin-bottom: 0px; margin-top: 10px;\" class=\"woocommerce-form-row form-row form-row-wide\">\n        <!--<label style=\"display:none!important;\" for=\"reg_billing_phone\">Telefon<\/label>-->\n\n        <!--  \"You can\u2019t have 2 times the value attribute and you can use \"tel\" type \u2026 (to be removed)\" \n        -->\n        <input required type=\"tel\" class=\"woocommerce-Input woocommerce-Input--text input-text placeholder\" placeholder=\"\" name=\"billing_phone\" id=\"billing_phone\" value=\"\" \/>\n    <\/p>\n    <p style=\"margin-bottom: 0px; margin-top: 10px;\" class=\"form-row form-row-wide checkbox-wrap\">\n        <input required type=\"checkbox\" class=\"checkbox\" name=\"reg_terms\" id=\"reg_terms\" \/>\n        <label for=\"reg_terms\">\n            <span class=\"uncheck\"><svg width=\"16\" height=\"16\" viewbox=\"0 0 16 16\" fill=\"none\" xmlns=\"http:\/\/www.w3.org\/2000\/svg\">\n<rect width=\"16\" height=\"16\" rx=\"4\" fill=\"#F0F0F0\"\/>\n<\/svg>\n\n            <\/span>\n            <span class=\"checked\"><svg width=\"16\" height=\"16\" viewbox=\"0 0 16 16\" fill=\"none\" xmlns=\"http:\/\/www.w3.org\/2000\/svg\">\n<rect width=\"16\" height=\"16\" rx=\"4\" fill=\"#F0F0F0\"\/>\n<path d=\"M2.5 8.9L5.643 12.5L13.5 3.5\" stroke=\"#005369\" stroke-width=\"1.5\" stroke-linecap=\"round\" stroke-linejoin=\"round\"\/>\n<\/svg>\n            <\/span>\n            <span>* Ich stimme den <a href=\"\/de\/terms-and-conditions\/\">Bedingungen und Konditionen<\/a><\/span>\n        <\/label>\n    <\/p>\n\n    <p style=\"margin-bottom: 0px; margin-top: 10px;\" class=\"form-row form-row-wide checkbox-wrap\">\n        <input required type=\"checkbox\" class=\"checkbox\" name=\"reg_privacy\" id=\"reg_privacy\" \/>\n        <label for=\"reg_privacy\">\n            <span class=\"uncheck\"><svg width=\"16\" height=\"16\" viewbox=\"0 0 16 16\" fill=\"none\" xmlns=\"http:\/\/www.w3.org\/2000\/svg\">\n<rect width=\"16\" height=\"16\" rx=\"4\" fill=\"#F0F0F0\"\/>\n<\/svg>\n            <\/span>\n            <span class=\"checked\"><svg width=\"16\" height=\"16\" viewbox=\"0 0 16 16\" fill=\"none\" xmlns=\"http:\/\/www.w3.org\/2000\/svg\">\n<rect width=\"16\" height=\"16\" rx=\"4\" fill=\"#F0F0F0\"\/>\n<path d=\"M2.5 8.9L5.643 12.5L13.5 3.5\" stroke=\"#005369\" stroke-width=\"1.5\" stroke-linecap=\"round\" stroke-linejoin=\"round\"\/>\n<\/svg>\n            <\/span>\n            <span>* Ich stimme den <a href=\"\/de\/privacy-policy\/\">Datenschutzbestimmungen<\/a><\/span>\n        <\/label>\n    <\/p>\n\n    <p style=\"margin-bottom: 0px; margin-top: 10px;\" class=\"form-row form-row-wide checkbox-wrap\">\n        <input  required type=\"checkbox\" class=\"checkbox\" name=\"reg_age\" id=\"reg_age\" \/>\n        <label for=\"reg_age\">\n            <span class=\"uncheck\"><svg width=\"16\" height=\"16\" viewbox=\"0 0 16 16\" fill=\"none\" xmlns=\"http:\/\/www.w3.org\/2000\/svg\">\n<rect width=\"16\" height=\"16\" rx=\"4\" fill=\"#F0F0F0\"\/>\n<\/svg>\n            <\/span>\n            <span class=\"checked\"><svg width=\"16\" height=\"16\" viewbox=\"0 0 16 16\" fill=\"none\" xmlns=\"http:\/\/www.w3.org\/2000\/svg\">\n<rect width=\"16\" height=\"16\" rx=\"4\" fill=\"#F0F0F0\"\/>\n<path d=\"M2.5 8.9L5.643 12.5L13.5 3.5\" stroke=\"#005369\" stroke-width=\"1.5\" stroke-linecap=\"round\" stroke-linejoin=\"round\"\/>\n<\/svg>\n            <\/span>\n            <span>* Ich bin \u00fcber 18 Jahre alt und habe alle oben genannten Punkte gelesen und akzeptiert.<\/span>\n        <\/label>\n    <\/p>\n\n    <div class=\"woocommerce-privacy-policy-text\"><p>Ihre pers\u00f6nlichen Daten werden verwendet, um Ihre Erfahrung auf dieser Website zu unterst\u00fctzen, den Zugang zu Ihrem Konto zu verwalten und f\u00fcr andere Zwecke, die in unserer <a href=\"https:\/\/mindblitz.io\/de\/privacy-policy\/\" class=\"woocommerce-privacy-policy-link\" target=\"_blank\" data-no-translation=\"\" data-trp-gettext=\"\">Datenschutzerkl\u00e4rung<\/a>.<\/p>\n<\/div> \n         <p class=\"woocommerce-FormRow form-row\">\n            <input type=\"hidden\" id=\"woocommerce-register-nonce\" name=\"woocommerce-register-nonce\" value=\"e455f69898\" \/><input type=\"hidden\" name=\"_wp_http_referer\" value=\"\/de\/wp-json\/wp\/v2\/pages\/296\" \/>            <button type=\"submit\" class=\"black-btn\" name=\"register\" value=\"Registrieren\" data-no-translation-value=\"\">\n\t\t\t\tAufsingen\n\t\t\t \t<svg xmlns=\"http:\/\/www.w3.org\/2000\/svg\" width=\"24\" height=\"24\" viewbox=\"0 0 24 24\" fill=\"none\">\n\t\t\t\t  <path d=\"M5 12H19M19 12L15 16M19 12L15 8\" stroke=\"white\" stroke-width=\"2\" stroke-linecap=\"round\" stroke-linejoin=\"round\"\/>\n\t\t\t\t<\/svg>\n\t\t\t <\/button>\n         <\/p>\n \n          \n\t\t  <div class=\"error-placeholder\"><\/div>\n\t\t  \n      <input type=\"hidden\" name=\"trp-form-language\" value=\"de\"\/><\/form>\n<\/div>","protected":false},"excerpt":{"rendered":"","protected":false},"author":1,"featured_media":0,"parent":0,"menu_order":0,"comment_status":"closed","ping_status":"closed","template":"template-pages\/template-woo.php","meta":{"footnotes":""},"acf":[],"yoast_head":"<!-- This site is optimized with the Yoast SEO plugin v21.7 - https:\/\/yoast.com\/wordpress\/plugins\/seo\/ -->\n<title>Sign Up - MindBlitz<\/title>\n<meta name=\"robots\" content=\"index, follow, max-snippet:-1, max-image-preview:large, max-video-preview:-1\" \/>\n<link rel=\"canonical\" href=\"https:\/\/mindblitz.io\/de\/sign-up\/\" \/>\n<meta property=\"og:locale\" content=\"de_DE\" \/>\n<meta property=\"og:type\" content=\"article\" \/>\n<meta property=\"og:title\" content=\"Sign Up - MindBlitz\" \/>\n<meta property=\"og:url\" content=\"https:\/\/mindblitz.io\/de\/sign-up\/\" \/>\n<meta property=\"og:site_name\" content=\"MindBlitz\" \/>\n<meta property=\"article:modified_time\" content=\"2024-01-09T13:51:53+00:00\" \/>\n<meta name=\"twitter:card\" content=\"summary_large_image\" \/>\n<meta name=\"twitter:label1\" content=\"Gesch\u00e4tzte Lesezeit\" \/>\n\t<meta name=\"twitter:data1\" content=\"1\u00a0Minute\" \/>\n<script type=\"application\/ld+json\" class=\"yoast-schema-graph\">{\"@context\":\"https:\/\/schema.org\",\"@graph\":[{\"@type\":\"WebPage\",\"@id\":\"https:\/\/mindblitz.io\/sign-up\/\",\"url\":\"https:\/\/mindblitz.io\/sign-up\/\",\"name\":\"Sign Up - MindBlitz\",\"isPartOf\":{\"@id\":\"https:\/\/mindblitz.io\/#website\"},\"datePublished\":\"2024-01-09T13:51:23+00:00\",\"dateModified\":\"2024-01-09T13:51:53+00:00\",\"breadcrumb\":{\"@id\":\"https:\/\/mindblitz.io\/sign-up\/#breadcrumb\"},\"inLanguage\":\"de\",\"potentialAction\":[{\"@type\":\"ReadAction\",\"target\":[\"https:\/\/mindblitz.io\/sign-up\/\"]}]},{\"@type\":\"BreadcrumbList\",\"@id\":\"https:\/\/mindblitz.io\/sign-up\/#breadcrumb\",\"itemListElement\":[{\"@type\":\"ListItem\",\"position\":1,\"name\":\"Home\",\"item\":\"https:\/\/mindblitz.io\/\"},{\"@type\":\"ListItem\",\"position\":2,\"name\":\"Sign Up\"}]},{\"@type\":\"WebSite\",\"@id\":\"https:\/\/mindblitz.io\/#website\",\"url\":\"https:\/\/mindblitz.io\/\",\"name\":\"MindBlitz\",\"description\":\"\",\"publisher\":{\"@id\":\"https:\/\/mindblitz.io\/#organization\"},\"potentialAction\":[{\"@type\":\"SearchAction\",\"target\":{\"@type\":\"EntryPoint\",\"urlTemplate\":\"https:\/\/mindblitz.io\/?s={search_term_string}\"},\"query-input\":\"required name=search_term_string\"}],\"inLanguage\":\"de\"},{\"@type\":\"Organization\",\"@id\":\"https:\/\/mindblitz.io\/#organization\",\"name\":\"MindBlitz\",\"url\":\"https:\/\/mindblitz.io\/\",\"logo\":{\"@type\":\"ImageObject\",\"inLanguage\":\"de\",\"@id\":\"https:\/\/mindblitz.io\/#\/schema\/logo\/image\/\",\"url\":\"https:\/\/mindblitz.io\/wp-content\/uploads\/2024\/01\/mindblitz_logo.svg\",\"contentUrl\":\"https:\/\/mindblitz.io\/wp-content\/uploads\/2024\/01\/mindblitz_logo.svg\",\"width\":161,\"height\":22,\"caption\":\"MindBlitz\"},\"image\":{\"@id\":\"https:\/\/mindblitz.io\/#\/schema\/logo\/image\/\"}}]}<\/script>\n<!-- \/ Yoast SEO plugin. -->","yoast_head_json":{"title":"Sign Up - MindBlitz","robots":{"index":"index","follow":"follow","max-snippet":"max-snippet:-1","max-image-preview":"max-image-preview:large","max-video-preview":"max-video-preview:-1"},"canonical":"https:\/\/mindblitz.io\/de\/sign-up\/","og_locale":"de_DE","og_type":"article","og_title":"Sign Up - MindBlitz","og_url":"https:\/\/mindblitz.io\/de\/sign-up\/","og_site_name":"MindBlitz","article_modified_time":"2024-01-09T13:51:53+00:00","twitter_card":"summary_large_image","twitter_misc":{"Gesch\u00e4tzte Lesezeit":"1\u00a0Minute"},"schema":{"@context":"https:\/\/schema.org","@graph":[{"@type":"WebPage","@id":"https:\/\/mindblitz.io\/sign-up\/","url":"https:\/\/mindblitz.io\/sign-up\/","name":"Sign Up - MindBlitz","isPartOf":{"@id":"https:\/\/mindblitz.io\/#website"},"datePublished":"2024-01-09T13:51:23+00:00","dateModified":"2024-01-09T13:51:53+00:00","breadcrumb":{"@id":"https:\/\/mindblitz.io\/sign-up\/#breadcrumb"},"inLanguage":"de","potentialAction":[{"@type":"ReadAction","target":["https:\/\/mindblitz.io\/sign-up\/"]}]},{"@type":"BreadcrumbList","@id":"https:\/\/mindblitz.io\/sign-up\/#breadcrumb","itemListElement":[{"@type":"ListItem","position":1,"name":"Home","item":"https:\/\/mindblitz.io\/"},{"@type":"ListItem","position":2,"name":"Sign Up"}]},{"@type":"WebSite","@id":"https:\/\/mindblitz.io\/#website","url":"https:\/\/mindblitz.io\/","name":"MindBlitz","description":"","publisher":{"@id":"https:\/\/mindblitz.io\/#organization"},"potentialAction":[{"@type":"SearchAction","target":{"@type":"EntryPoint","urlTemplate":"https:\/\/mindblitz.io\/?s={search_term_string}"},"query-input":"required name=search_term_string"}],"inLanguage":"de"},{"@type":"Organization","@id":"https:\/\/mindblitz.io\/#organization","name":"MindBlitz","url":"https:\/\/mindblitz.io\/","logo":{"@type":"ImageObject","inLanguage":"de","@id":"https:\/\/mindblitz.io\/#\/schema\/logo\/image\/","url":"https:\/\/mindblitz.io\/wp-content\/uploads\/2024\/01\/mindblitz_logo.svg","contentUrl":"https:\/\/mindblitz.io\/wp-content\/uploads\/2024\/01\/mindblitz_logo.svg","width":161,"height":22,"caption":"MindBlitz"},"image":{"@id":"https:\/\/mindblitz.io\/#\/schema\/logo\/image\/"}}]}},"_links":{"self":[{"href":"https:\/\/mindblitz.io\/de\/wp-json\/wp\/v2\/pages\/296"}],"collection":[{"href":"https:\/\/mindblitz.io\/de\/wp-json\/wp\/v2\/pages"}],"about":[{"href":"https:\/\/mindblitz.io\/de\/wp-json\/wp\/v2\/types\/page"}],"author":[{"embeddable":true,"href":"https:\/\/mindblitz.io\/de\/wp-json\/wp\/v2\/users\/1"}],"replies":[{"embeddable":true,"href":"https:\/\/mindblitz.io\/de\/wp-json\/wp\/v2\/comments?post=296"}],"version-history":[{"count":1,"href":"https:\/\/mindblitz.io\/de\/wp-json\/wp\/v2\/pages\/296\/revisions"}],"predecessor-version":[{"id":297,"href":"https:\/\/mindblitz.io\/de\/wp-json\/wp\/v2\/pages\/296\/revisions\/297"}],"wp:attachment":[{"href":"https:\/\/mindblitz.io\/de\/wp-json\/wp\/v2\/media?parent=296"}],"curies":[{"name":"wp","href":"https:\/\/api.w.org\/{rel}","templated":true}]}}