{"id":174,"date":"2024-01-03T12:03:35","date_gmt":"2024-01-03T12:03:35","guid":{"rendered":"https:\/\/mindblitz.io\/?page_id=174"},"modified":"2024-01-04T10:17:43","modified_gmt":"2024-01-04T10:17:43","slug":"cookie-policy","status":"publish","type":"page","link":"https:\/\/mindblitz.io\/de\/cookie-policy\/","title":{"rendered":"Cookie-Richtlinie"},"content":{"rendered":"<h2 class=\"wp-block-heading\"><strong>Einf\u00fchrung<\/strong><\/h2>\n\n\n\n<p>Willkommen bei MindBlitz. Diese Cookie-Richtlinie soll Sie \u00fcber unsere Verwendung von Cookies und \u00e4hnlichen Technologien informieren, wenn Sie unsere Website besuchen.<\/p>\n\n\n\n<h2 class=\"wp-block-heading\"><strong>Was sind Cookies?<\/strong><\/h2>\n\n\n\n<p>Cookies sind kleine Textdateien, die auf Ihrem Computer oder Mobilger\u00e4t gespeichert werden, wenn Sie eine Website besuchen. Sie tragen dazu bei, Ihr Benutzererlebnis zu verbessern, indem sie sich an Ihre Pr\u00e4ferenzen erinnern, die Leistung der Website optimieren und anonymisierte Tracking-Daten bereitstellen.<\/p>\n\n\n\n<h2 class=\"wp-block-heading\"><strong>Arten von Cookies, die wir verwenden<\/strong><\/h2>\n\n\n\n<p>Wir verwenden die folgenden Arten von Cookies:<\/p>\n\n\n\n<ul>\n<li><strong>Wesentliche Cookies:<\/strong> Erforderlich f\u00fcr die Grundfunktionen der Website.<\/li>\n\n\n\n<li><strong>Analytische\/Leistungs-Cookies:<\/strong> Sie erm\u00f6glichen es uns, die Anzahl der Besucher zu erkennen und zu z\u00e4hlen, was uns hilft, die Leistung der Website zu verbessern.<\/li>\n\n\n\n<li><strong>Funktionalit\u00e4t Cookies:<\/strong> Erinnern Sie sich an Ihre Pr\u00e4ferenzen, um Ihr Erlebnis zu verbessern.<\/li>\n\n\n\n<li><strong>Targeting\/Werbung Cookies:<\/strong> Wir speichern Ihren Besuch auf unserer Website, die von Ihnen besuchten Seiten und die Links, denen Sie gefolgt sind. Wir k\u00f6nnen diese Informationen verwenden, um unsere Website besser auf Ihre Interessen abzustimmen.<\/li>\n<\/ul>\n\n\n\n<h2 class=\"wp-block-heading\"><strong>Wie man Cookies kontrolliert<\/strong><\/h2>\n\n\n\n<p>Sie k\u00f6nnen Cookies nach Belieben kontrollieren und\/oder l\u00f6schen. Einzelheiten finden Sie unter aboutcookies.org. Sie k\u00f6nnen alle Cookies l\u00f6schen, die sich bereits auf Ihrem Computer befinden, und Sie k\u00f6nnen die meisten Browser so einstellen, dass sie das Setzen von Cookies verhindern. Wenn Sie dies tun, m\u00fcssen Sie jedoch m\u00f6glicherweise einige Einstellungen bei jedem Besuch einer Website manuell anpassen, und einige Dienste und Funktionen funktionieren m\u00f6glicherweise nicht.<\/p>\n\n\n\n<h2 class=\"wp-block-heading\"><strong>Cookies von Drittanbietern<\/strong><\/h2>\n\n\n\n<p>Einige Cookies k\u00f6nnen von Diensten Dritter gesetzt werden, die auf unseren Seiten erscheinen. Sie werden von den Betreibern dieser Dienste gesetzt und stehen nicht unter unserer Kontrolle.<\/p>\n\n\n\n<h2 class=\"wp-block-heading\"><strong>Aktualisierungen dieser Cookie-Richtlinie<\/strong><\/h2>\n\n\n\n<p>Wir k\u00f6nnen diese Cookie-Richtlinie aktualisieren, um \u00c4nderungen in unseren Praktiken oder aus anderen betrieblichen, rechtlichen oder regulatorischen Gr\u00fcnden zu ber\u00fccksichtigen. Bitte \u00fcberpr\u00fcfen Sie diese Seite regelm\u00e4\u00dfig auf etwaige \u00c4nderungen.<\/p>\n\n\n\n<h2 class=\"wp-block-heading\"><strong>Kontakt<\/strong><\/h2>\n\n\n\n<p>Wenn Sie Fragen zu unserer Cookie-Richtlinie haben, kontaktieren Sie uns bitte unter;<\/p>\n\n\n\n<ul>\n<li>E-Mail: <a href=\"mailto:support@mindblitz.io\">support@mindblitz.io<\/a><\/li>\n\n\n\n<li>Telefon: <a href=\"tel: 447488848310\">+447488848310<\/a><\/li>\n\n\n\n<li>Website: <a href=\"https:\/\/mindblitz.io\/de\/\u00a0\/\">https:\/\/mindblitz.io\/\u00a0<\/a><\/li>\n<\/ul>\n\n\n\n<p>Durch die weitere Nutzung unserer Website erkl\u00e4ren Sie sich mit der Verwendung von Cookies wie in dieser Richtlinie beschrieben einverstanden.<\/p>","protected":false},"excerpt":{"rendered":"<p>Einf\u00fchrung Willkommen bei MindBlitz. Diese Cookie-Richtlinie soll Sie \u00fcber unsere Verwendung von Cookies und \u00e4hnlichen Technologien informieren, wenn Sie unsere Website besuchen. Was sind Cookies? Cookies sind kleine Textdateien, die auf Ihrem Computer oder Mobilger\u00e4t gespeichert werden, wenn Sie eine Website besuchen. Sie tragen dazu bei, Ihr Benutzererlebnis zu verbessern, indem sie sich Ihre Pr\u00e4ferenzen merken, [...]<\/p>","protected":false},"author":1,"featured_media":208,"parent":0,"menu_order":0,"comment_status":"closed","ping_status":"closed","template":"template-pages\/template-policy.php","meta":{"footnotes":""},"acf":[],"yoast_head":"<!-- This site is optimized with the Yoast SEO plugin v21.7 - https:\/\/yoast.com\/wordpress\/plugins\/seo\/ -->\n<title>Cookie Policy - MindBlitz<\/title>\n<meta name=\"robots\" content=\"index, follow, max-snippet:-1, max-image-preview:large, max-video-preview:-1\" \/>\n<link rel=\"canonical\" href=\"https:\/\/mindblitz.io\/de\/cookie-policy\/\" \/>\n<meta property=\"og:locale\" content=\"de_DE\" \/>\n<meta property=\"og:type\" content=\"article\" \/>\n<meta property=\"og:title\" content=\"Cookie Policy - MindBlitz\" \/>\n<meta property=\"og:description\" content=\"Introduction Welcome to MindBlitz. This Cookie Policy is designed to inform you about our use of cookies and similar technologies when you visit our website. What Are Cookies? Cookies are small text files stored on your computer or mobile device when you visit a website. They help enhance your user experience by remembering your preferences, [&hellip;]\" \/>\n<meta property=\"og:url\" content=\"https:\/\/mindblitz.io\/de\/cookie-policy\/\" \/>\n<meta property=\"og:site_name\" content=\"MindBlitz\" \/>\n<meta property=\"article:modified_time\" content=\"2024-01-04T10:17:43+00:00\" \/>\n<meta property=\"og:image\" content=\"http:\/\/mindblitz.io\/wp-content\/uploads\/2024\/01\/Avatar-2.png\" \/>\n\t<meta property=\"og:image:width\" content=\"1000\" \/>\n\t<meta property=\"og:image:height\" content=\"1000\" \/>\n\t<meta property=\"og:image:type\" content=\"image\/png\" \/>\n<meta name=\"twitter:card\" content=\"summary_large_image\" \/>\n<meta name=\"twitter:label1\" content=\"Gesch\u00e4tzte Lesezeit\" \/>\n\t<meta name=\"twitter:data1\" content=\"2\u00a0Minuten\" \/>\n<script type=\"application\/ld+json\" class=\"yoast-schema-graph\">{\"@context\":\"https:\/\/schema.org\",\"@graph\":[{\"@type\":\"WebPage\",\"@id\":\"https:\/\/mindblitz.io\/cookie-policy\/\",\"url\":\"https:\/\/mindblitz.io\/cookie-policy\/\",\"name\":\"Cookie Policy - MindBlitz\",\"isPartOf\":{\"@id\":\"https:\/\/mindblitz.io\/#website\"},\"datePublished\":\"2024-01-03T12:03:35+00:00\",\"dateModified\":\"2024-01-04T10:17:43+00:00\",\"breadcrumb\":{\"@id\":\"https:\/\/mindblitz.io\/cookie-policy\/#breadcrumb\"},\"inLanguage\":\"de\",\"potentialAction\":[{\"@type\":\"ReadAction\",\"target\":[\"https:\/\/mindblitz.io\/cookie-policy\/\"]}]},{\"@type\":\"BreadcrumbList\",\"@id\":\"https:\/\/mindblitz.io\/cookie-policy\/#breadcrumb\",\"itemListElement\":[{\"@type\":\"ListItem\",\"position\":1,\"name\":\"Home\",\"item\":\"https:\/\/mindblitz.io\/\"},{\"@type\":\"ListItem\",\"position\":2,\"name\":\"Cookie Policy\"}]},{\"@type\":\"WebSite\",\"@id\":\"https:\/\/mindblitz.io\/#website\",\"url\":\"https:\/\/mindblitz.io\/\",\"name\":\"MindBlitz\",\"description\":\"\",\"publisher\":{\"@id\":\"https:\/\/mindblitz.io\/#organization\"},\"potentialAction\":[{\"@type\":\"SearchAction\",\"target\":{\"@type\":\"EntryPoint\",\"urlTemplate\":\"https:\/\/mindblitz.io\/?s={search_term_string}\"},\"query-input\":\"required name=search_term_string\"}],\"inLanguage\":\"de\"},{\"@type\":\"Organization\",\"@id\":\"https:\/\/mindblitz.io\/#organization\",\"name\":\"MindBlitz\",\"url\":\"https:\/\/mindblitz.io\/\",\"logo\":{\"@type\":\"ImageObject\",\"inLanguage\":\"de\",\"@id\":\"https:\/\/mindblitz.io\/#\/schema\/logo\/image\/\",\"url\":\"https:\/\/mindblitz.io\/wp-content\/uploads\/2024\/01\/mindblitz_logo.svg\",\"contentUrl\":\"https:\/\/mindblitz.io\/wp-content\/uploads\/2024\/01\/mindblitz_logo.svg\",\"width\":161,\"height\":22,\"caption\":\"MindBlitz\"},\"image\":{\"@id\":\"https:\/\/mindblitz.io\/#\/schema\/logo\/image\/\"}}]}<\/script>\n<!-- \/ Yoast SEO plugin. -->","yoast_head_json":{"title":"Cookie Policy - MindBlitz","robots":{"index":"index","follow":"follow","max-snippet":"max-snippet:-1","max-image-preview":"max-image-preview:large","max-video-preview":"max-video-preview:-1"},"canonical":"https:\/\/mindblitz.io\/de\/cookie-policy\/","og_locale":"de_DE","og_type":"article","og_title":"Cookie Policy - MindBlitz","og_description":"Introduction Welcome to MindBlitz. This Cookie Policy is designed to inform you about our use of cookies and similar technologies when you visit our website. What Are Cookies? Cookies are small text files stored on your computer or mobile device when you visit a website. They help enhance your user experience by remembering your preferences, [&hellip;]","og_url":"https:\/\/mindblitz.io\/de\/cookie-policy\/","og_site_name":"MindBlitz","article_modified_time":"2024-01-04T10:17:43+00:00","og_image":[{"width":1000,"height":1000,"url":"http:\/\/mindblitz.io\/wp-content\/uploads\/2024\/01\/Avatar-2.png","type":"image\/png"}],"twitter_card":"summary_large_image","twitter_misc":{"Gesch\u00e4tzte Lesezeit":"2\u00a0Minuten"},"schema":{"@context":"https:\/\/schema.org","@graph":[{"@type":"WebPage","@id":"https:\/\/mindblitz.io\/cookie-policy\/","url":"https:\/\/mindblitz.io\/cookie-policy\/","name":"Cookie Policy - MindBlitz","isPartOf":{"@id":"https:\/\/mindblitz.io\/#website"},"datePublished":"2024-01-03T12:03:35+00:00","dateModified":"2024-01-04T10:17:43+00:00","breadcrumb":{"@id":"https:\/\/mindblitz.io\/cookie-policy\/#breadcrumb"},"inLanguage":"de","potentialAction":[{"@type":"ReadAction","target":["https:\/\/mindblitz.io\/cookie-policy\/"]}]},{"@type":"BreadcrumbList","@id":"https:\/\/mindblitz.io\/cookie-policy\/#breadcrumb","itemListElement":[{"@type":"ListItem","position":1,"name":"Home","item":"https:\/\/mindblitz.io\/"},{"@type":"ListItem","position":2,"name":"Cookie Policy"}]},{"@type":"WebSite","@id":"https:\/\/mindblitz.io\/#website","url":"https:\/\/mindblitz.io\/","name":"MindBlitz","description":"","publisher":{"@id":"https:\/\/mindblitz.io\/#organization"},"potentialAction":[{"@type":"SearchAction","target":{"@type":"EntryPoint","urlTemplate":"https:\/\/mindblitz.io\/?s={search_term_string}"},"query-input":"required name=search_term_string"}],"inLanguage":"de"},{"@type":"Organization","@id":"https:\/\/mindblitz.io\/#organization","name":"MindBlitz","url":"https:\/\/mindblitz.io\/","logo":{"@type":"ImageObject","inLanguage":"de","@id":"https:\/\/mindblitz.io\/#\/schema\/logo\/image\/","url":"https:\/\/mindblitz.io\/wp-content\/uploads\/2024\/01\/mindblitz_logo.svg","contentUrl":"https:\/\/mindblitz.io\/wp-content\/uploads\/2024\/01\/mindblitz_logo.svg","width":161,"height":22,"caption":"MindBlitz"},"image":{"@id":"https:\/\/mindblitz.io\/#\/schema\/logo\/image\/"}}]}},"_links":{"self":[{"href":"https:\/\/mindblitz.io\/de\/wp-json\/wp\/v2\/pages\/174"}],"collection":[{"href":"https:\/\/mindblitz.io\/de\/wp-json\/wp\/v2\/pages"}],"about":[{"href":"https:\/\/mindblitz.io\/de\/wp-json\/wp\/v2\/types\/page"}],"author":[{"embeddable":true,"href":"https:\/\/mindblitz.io\/de\/wp-json\/wp\/v2\/users\/1"}],"replies":[{"embeddable":true,"href":"https:\/\/mindblitz.io\/de\/wp-json\/wp\/v2\/comments?post=174"}],"version-history":[{"count":1,"href":"https:\/\/mindblitz.io\/de\/wp-json\/wp\/v2\/pages\/174\/revisions"}],"predecessor-version":[{"id":175,"href":"https:\/\/mindblitz.io\/de\/wp-json\/wp\/v2\/pages\/174\/revisions\/175"}],"wp:featuredmedia":[{"embeddable":true,"href":"https:\/\/mindblitz.io\/de\/wp-json\/wp\/v2\/media\/208"}],"wp:attachment":[{"href":"https:\/\/mindblitz.io\/de\/wp-json\/wp\/v2\/media?parent=174"}],"curies":[{"name":"wp","href":"https:\/\/api.w.org\/{rel}","templated":true}]}}