{"id":172,"date":"2024-01-03T12:02:54","date_gmt":"2024-01-03T12:02:54","guid":{"rendered":"https:\/\/mindblitz.io\/?page_id=172"},"modified":"2025-05-30T13:38:54","modified_gmt":"2025-05-30T12:38:54","slug":"terms-and-conditions","status":"publish","type":"page","link":"https:\/\/mindblitz.io\/de\/terms-and-conditions\/","title":{"rendered":"Bedingungen und Konditionen"},"content":{"rendered":"<p>MindBlitz ist der offizielle Dienst f\u00fcr Arbeitsuchende und Unternehmen, die Personaldienstleistungen ben\u00f6tigen, und bietet Beratung, Stellenangebote und zus\u00e4tzliche Personaldienstleistungen. Eigent\u00fcmer und Betreiber des Dienstes ist Mindblitz LTD, Registrierungsnummer 15304656, E-Mail: support@mindblitz.io; Telefon: +447488848310.<\/p>\n\n\n\n<p>Unser Ziel ist es, unsere Kunden dabei zu unterst\u00fctzen, gut informierte Entscheidungen \u00fcber Besch\u00e4ftigungsm\u00f6glichkeiten und Karrierewege zu treffen.<\/p>\n\n\n\n<h2 class=\"wp-block-heading\"><strong>Rechte an geistigem Eigentum<\/strong><\/h2>\n\n\n\n<p>Der Inhalt der MindBlitz-Website ist urheberrechtlich gesch\u00fctzt und darf nicht zu kommerziellen Zwecken kopiert oder verbreitet werden. Sie k\u00f6nnen diese Informationen f\u00fcr Ihren pers\u00f6nlichen, nicht-kommerziellen Gebrauch verwenden, solange Sie nicht versuchen, die auf den entsprechenden Seiten vorhandenen Identifikationslogos zu entfernen. Unerlaubte \u00c4nderungen an den Seiten oder die Verwendung des Inhalts in anderen Produkten ohne unsere Zustimmung werden als Verletzung unseres Urheberrechts angesehen und k\u00f6nnen rechtliche Schritte nach sich ziehen.<\/p>\n\n\n\n<p>Bei Fragen zur Verwendung dieser Inhalte wenden Sie sich bitte an <a href=\"mailto:support@mindblitz.io\">support@mindblitz.io<\/a>.<\/p>\n\n\n\n<ul>\n<li><strong>\u00dcber MindBlitz Communications<\/strong><\/li>\n<\/ul>\n\n\n\n<p>MindBlitz bietet verschiedene Kommunikationskan\u00e4le, um mit unseren Nutzern in Kontakt zu treten. Um Zugang zu diesen Kan\u00e4len zu erhalten, k\u00f6nnen Sie unsere E-Mails \u00fcber eine der folgenden Methoden abonnieren:<\/p>\n\n\n\n<ul>\n<li>Registrierung f\u00fcr ein Konto und Entscheidung f\u00fcr den Erhalt von E-Mails.<\/li>\n\n\n\n<li>Melden Sie sich bei Ihrem bestehenden Konto an und w\u00e4hlen Sie die gew\u00fcnschten E-Mail-Abonnementoptionen aus.<\/li>\n\n\n\n<li>Erkundung weiterer E-Mail-Abonnementm\u00f6glichkeiten auf unserer Website.<\/li>\n<\/ul>\n\n\n\n<h2 class=\"wp-block-heading\"><strong>\u00dcber Ihr MindBlitz-Konto<\/strong><\/h2>\n\n\n\n<p>Alle Konten erfordern eine g\u00fcltige pers\u00f6nliche E-Mail-Adresse, auf die Sie regelm\u00e4\u00dfig zugreifen, um eine rechtzeitige Kommunikation zu gew\u00e4hrleisten. Die Verwendung mehrerer E-Mail-Adressen oder Logins, um Dienste zu st\u00f6ren oder \u00c4rger zu verursachen, kann zu Korrekturma\u00dfnahmen f\u00fchren.<\/p>\n\n\n\n<p>Bitte verwenden Sie eine E-Mail-Adresse und Anmeldedaten, die f\u00fcr Sie pers\u00f6nlich bestimmt sind und nicht mit einer anderen Person in Verbindung gebracht werden. Es liegt in Ihrer Verantwortung, Ihr Passwort zu sch\u00fctzen und Ihre Kontoinformationen auf dem neuesten Stand zu halten.<\/p>\n\n\n\n<ul>\n<li><strong>Ihre Verantwortlichkeiten<\/strong><\/li>\n<\/ul>\n\n\n\n<p>Sie m\u00fcssen alle geltenden Gesetze und die Bedingungen dieser Vereinbarung einhalten, die regelm\u00e4\u00dfig mit oder ohne vorherige Ank\u00fcndigung ge\u00e4ndert werden kann. Dazu geh\u00f6rt auch die Einhaltung der in diesen Allgemeinen Gesch\u00e4ftsbedingungen dargelegten Richtlinien und Verfahren.<\/p>\n\n\n\n<p>Als Anbieter von Inhalten und Informationen im Rahmen dieser Vereinbarung sind Sie Eigent\u00fcmer der Materialien, die Sie uns zur Verf\u00fcgung stellen, und k\u00f6nnen jederzeit deren L\u00f6schung verlangen. Sie gew\u00e4hren uns ein nicht ausschlie\u00dfliches, unwiderrufliches, weltweites, unbefristetes, abtretbares, unterlizenzierbares, voll bezahltes und geb\u00fchrenfreies Recht, die von Ihnen bereitgestellten Inhalte oder Informationen zu nutzen, zu verarbeiten und zu vermarkten, vorbehaltlich Ihres Rechts, die L\u00f6schung zu verlangen, und unserer Verpflichtung zur Einhaltung der geltenden Datenschutzgesetze und unserer Datenschutzrichtlinie.<\/p>\n\n\n\n<p>Sie sind daf\u00fcr verantwortlich, dass Ihre Profilinformationen korrekt und auf dem neuesten Stand sind.<\/p>\n\n\n\n<p>Um die Dienste zu nutzen, m\u00fcssen Sie die folgenden Kriterien erf\u00fcllen und best\u00e4tigen, dass Sie:&nbsp;<\/p>\n\n\n\n<ol>\n<li>18 Jahre alt oder \u00e4lter sind;&nbsp;<\/li>\n\n\n\n<li>nicht eingeschr\u00e4nkt oder verboten sind, die Dienste zu nutzen;<\/li>\n\n\n\n<li>kein Konkurrent sind oder planen, einen konkurrierenden Dienst einzurichten, der die Dienste im Wettbewerb mit uns nutzt.<\/li>\n<\/ol>\n\n\n\n<p>Das von Ihnen erstellte Profil wird Teil unserer Dienste und ist, mit Ausnahme der von Ihnen lizenzierten Inhalte und Informationen, unser Eigentum. Sie verpflichten sich, Ihr Passwort sicher aufzubewahren, anderen nicht zu erlauben, Ihr Konto zu nutzen, die Konten anderer nicht zu nutzen und die Verantwortung f\u00fcr die Aktivit\u00e4ten auf Ihrem Konto zu \u00fcbernehmen, bis es geschlossen wird.<\/p>\n\n\n\n<p>Sie erkl\u00e4ren sich damit einverstanden, uns von Sch\u00e4den, Verlusten und Kosten im Zusammenhang mit Anspr\u00fcchen Dritter, Anklagen und Untersuchungen freizustellen, die sich aus der Nichteinhaltung dieser Vereinbarung durch Sie, der \u00dcbermittlung von Inhalten, die Rechte Dritter oder Gesetze verletzen, und Ihren Aktivit\u00e4ten auf oder \u00fcber unsere Website oder Dienste ergeben.<\/p>\n\n\n\n<p>Bitte lesen Sie unsere vollst\u00e4ndige Datenschutzrichtlinie sorgf\u00e4ltig durch, bevor Sie unsere Dienste nutzen, da sie Bestandteil dieser Vereinbarung ist. Ihre freiwillige \u00dcbermittlung von Informationen, Aussagen, Daten und Inhalten kann personenbezogene Daten offenlegen, und wir k\u00f6nnen diese personenbezogenen Daten gem\u00e4\u00df der Datenschutzrichtlinie unter Beachtung Ihrer Rechte gem\u00e4\u00df den Datenschutzgesetzen verarbeiten.<\/p>\n\n\n\n<ul>\n<li><strong>Ihre Rechte<\/strong><\/li>\n<\/ul>\n\n\n\n<p>Unter der Voraussetzung, dass Sie alle in dieser Richtlinie dargelegten Verpflichtungen einhalten, gew\u00e4hren wir Ihnen eine begrenzte, widerrufliche, nicht ausschlie\u00dfliche, nicht abtretbare und nicht unterlizenzierbare Lizenz f\u00fcr die Nutzung und den Zugriff auf die Dienste. Dies beinhaltet das Recht, Inhalte und Informationen \u00fcber einen allgemein zug\u00e4nglichen Webbrowser oder ein mobiles Ger\u00e4t anzusehen und die Dienste in anderen Funktionen zu nutzen. Wir behalten uns alle Rechte vor, die nicht ausdr\u00fccklich in diesen Allgemeinen Gesch\u00e4ftsbedingungen gew\u00e4hrt werden.<\/p>\n\n\n\n<ul>\n<li><strong>Unsere Verantwortlichkeiten und Rechte<\/strong><\/li>\n<\/ul>\n\n\n\n<p>Wir sind bestrebt, die Dienste regelm\u00e4\u00dfig zu aktualisieren, zu verbessern und zu erweitern. Dementsprechend behalten wir uns das Recht vor, nach eigenem Ermessen unsere Website oder einen Teil der Dienste ganz oder teilweise zu \u00e4ndern, zu ersetzen, den Zugang zu verweigern, auszusetzen oder einzustellen. Alle derartigen \u00c4nderungen treten mit ihrer Ver\u00f6ffentlichung auf der Website oder durch direkte Kommunikation mit Ihnen in Kraft, sofern in den entsprechenden Mitteilungen oder Ver\u00f6ffentlichungen nichts anderes angegeben ist.&nbsp;<\/p>\n\n\n\n<p>Dar\u00fcber hinaus behalten wir uns das Recht vor, Inhalte, die mit Ihrem Konto verbunden sind, mit oder ohne Vorank\u00fcndigung einzubehalten, zu entfernen oder zu verwerfen, wenn wir der Meinung sind, dass sie gegen diese Allgemeinen Gesch\u00e4ftsbedingungen oder einen anderen Teil dieser Vereinbarung versto\u00dfen, oder wenn dies nach geltendem Recht erforderlich ist.<\/p>\n\n\n\n<p>Durch die Nutzung der Dienste k\u00f6nnen Sie Inhalten von anderen Nutzern oder Dritten ausgesetzt sein, die ungenau, unvollst\u00e4ndig, versp\u00e4tet, irref\u00fchrend, illegal, beleidigend oder anderweitig sch\u00e4dlich sein k\u00f6nnten. In den meisten F\u00e4llen \u00fcberpr\u00fcfen, verifizieren oder filtern wir solche Inhalte nicht, au\u00dfer unter bestimmten, gesetzlich vorgeschriebenen Umst\u00e4nden. Sie erkennen an, dass wir nicht f\u00fcr die Inhalte verantwortlich sind, die von Personen (einschlie\u00dflich unserer Kunden), die unsere Dienste abonnieren, oder f\u00fcr Inhalte oder Informationen Dritter auf der Website oder dem Dienst bereitgestellt werden. Jegliches Vertrauen in solche Inhalte geschieht auf Ihr eigenes Risiko. Wir k\u00f6nnen auf der Website und in den Diensten Links zu Websites von Dritten bereitstellen. Es liegt in Ihrer Verantwortung, auf eine Drittanbieter-Website zuzugreifen oder diese zu nutzen, und wir \u00fcbernehmen keine Verantwortung f\u00fcr Funktionen, Inhalte, Werbung, Produkte oder andere Materialien, die auf Drittanbieter-Websites enthalten oder dort verf\u00fcgbar sind. Wenn Sie sich f\u00fcr die Nutzung von Drittanbieter-Websites entscheiden, tun Sie dies auf eigenes Risiko.<\/p>\n\n\n\n<p>Wir behalten uns das Recht vor, das Konto eines Mitglieds einzuschr\u00e4nken, zu sperren oder zu k\u00fcndigen, das nach unserem Ermessen die Dienste missbraucht oder missbraucht.<\/p>\n\n\n\n<h2 class=\"wp-block-heading\"><strong>Terminierung<\/strong><\/h2>\n\n\n\n<p>Sie haben die M\u00f6glichkeit, Ihr Konto zu k\u00fcndigen, indem Sie uns wie unten beschrieben informieren. Diese K\u00fcndigung wird wirksam, sobald wir Ihren Antrag bearbeitet haben. Andererseits behalten wir uns das Recht vor, die Dienste und Ihr Konto nach unserem Ermessen, aus beliebigen Gr\u00fcnden oder ohne Angabe von Gr\u00fcnden, mit oder ohne vorherige Ank\u00fcndigung zu k\u00fcndigen. Eine solche K\u00fcndigung wird sofort oder wie in der Erkl\u00e4rung angegeben wirksam. Bei der K\u00fcndigung Ihres Kontos werden Ihre Daten gel\u00f6scht, Ihr Zugang zu unseren Diensten wird deaktiviert und Sie k\u00f6nnen von der weiteren Nutzung der Website ausgeschlossen werden.<\/p>\n\n\n\n<ul>\n<li><strong>Unsere Haftung<\/strong><\/li>\n<\/ul>\n\n\n\n<p>Wir k\u00f6nnen nicht f\u00fcr Verluste haftbar gemacht werden, die nicht vorhersehbar waren, als wir der Bereitstellung der Dienste zustimmten. Das Material und der Inhalt der Website werden ohne jegliche Garantien, Bedingungen oder Zusicherungen hinsichtlich der Vollst\u00e4ndigkeit oder Richtigkeit bereitgestellt. Die Benutzer m\u00fcssen die mit der Internetnutzung verbundenen Risiken selbst tragen.<\/p>\n\n\n\n<p>Soweit gesetzlich zul\u00e4ssig, schlie\u00dfen wir alle Bedingungen, Garantien und andere Bedingungen aus, die durch Gesetz, Gewohnheitsrecht oder Billigkeitsrecht impliziert sein k\u00f6nnten. Dieser Ausschluss schlie\u00dft jegliche Inkompatibilit\u00e4t der Website mit Ihrer Computerausr\u00fcstung, Software oder Telekommunikationsverbindungen ein, mit Ausnahme von stillschweigenden Bedingungen, die nach geltendem Recht nicht ausgeschlossen werden k\u00f6nnen.<\/p>\n\n\n\n<p>Sofern in diesen Allgemeinen Gesch\u00e4ftsbedingungen nicht ausdr\u00fccklich etwas anderes angegeben ist, erkennen Sie an und erkl\u00e4ren sich damit einverstanden, dass wir Ihnen oder Dritten gegen\u00fcber nicht haftbar sind f\u00fcr:<\/p>\n\n\n\n<ul>\n<li>Verlust von Einkommen oder Einnahmen<\/li>\n\n\n\n<li>Verlust von Gesch\u00e4ftsm\u00f6glichkeiten<\/li>\n\n\n\n<li>Verlust von Gewinnen oder Vertr\u00e4gen<\/li>\n\n\n\n<li>Verlust von erwarteten Einsparungen<\/li>\n\n\n\n<li>Verlust von Daten<\/li>\n\n\n\n<li>Verlust des Firmenwerts<\/li>\n\n\n\n<li>Vergeudete Kosten, Management- oder B\u00fcrozeit<\/li>\n<\/ul>\n\n\n\n<p>Alle oben genannten Verluste oder Haftungen, ob direkt oder indirekt, werden als Folgesch\u00e4den oder beil\u00e4ufige Sch\u00e4den betrachtet und k\u00f6nnen aus unerlaubter Handlung (einschlie\u00dflich Fahrl\u00e4ssigkeit), Vertragsbruch oder anderweitig entstehen.<\/p>\n\n\n\n<p>Nichts in diesen Allgemeinen Gesch\u00e4ftsbedingungen oder dieser Vereinbarung beeintr\u00e4chtigt Ihre gesetzlichen Rechte als Verbraucher.<\/p>\n\n\n\n<ul>\n<li><strong>MindBlitz und Rechtskonformit\u00e4t<\/strong><\/li>\n<\/ul>\n\n\n\n<p>In unseren Online-Kommunikationsdiensten ist es verboten, verleumderisches oder illegales Material in Form von Texten, Grafiken, Videos, Programmen oder Audiodateien zu ver\u00f6ffentlichen. Das Posten von Nachrichten mit der Absicht, ungesetzliche Handlungen zu begehen, ist streng verboten.<\/p>\n\n\n\n<p>Durch die Nutzung unserer Dienste erkl\u00e4ren Sie sich damit einverstanden, nur Material zu ver\u00f6ffentlichen, f\u00fcr das Sie das Urheberrecht besitzen oder f\u00fcr das Sie eine andere Erlaubnis zur elektronischen Verbreitung erhalten haben. Es ist unerl\u00e4sslich, die Rechte Dritter nicht zu verletzen, zu plagiieren oder zu verletzen, einschlie\u00dflich, aber nicht beschr\u00e4nkt auf Urheberrechte, Warenzeichen, Gesch\u00e4ftsgeheimnisse, Privatsph\u00e4re, pers\u00f6nliche, \u00f6ffentliche oder Eigentumsrechte.<\/p>\n\n\n\n<ul>\n<li><strong>Versto\u00df gegen die MindBlitz-Bedingungen<\/strong><\/li>\n<\/ul>\n\n\n\n<p>Die Nichteinhaltung der in dieser Richtlinie dargelegten Bedingungen f\u00fchrt zu einer f\u00f6rmlichen Verwarnung, die per E-Mail zugestellt wird. Wenn Sie nach Erhalt einer Abmahnung gegen diese Bedingungen versto\u00dfen, wird Ihnen der Zugriff auf unsere Dienste und deren Nutzung dauerhaft untersagt.<\/p>\n\n\n\n<h2 class=\"wp-block-heading\"><strong>Haftungsausschlu\u00df f\u00fcr MindBlitz<\/strong><\/h2>\n\n\n\n<p>Mindblitz LTD stellt die auf MindBlitz dargestellten Informationen nur zu allgemeinen Informationszwecken zur Verf\u00fcgung. Obwohl wir uns bem\u00fchen, die Informationen genau und aktuell zu halten, geschieht alles, was Sie auf den Inhalt dieser Website verlassen, auf Ihr eigenes Risiko. Wir freuen uns \u00fcber R\u00fcckmeldungen; wenn Sie sachliche Ungenauigkeiten im Inhalt feststellen, wenden Sie sich bitte an <a href=\"mailto:support@mindblitz.io\">support@mindblitz.io<\/a>.<\/p>\n\n\n\n<h2 class=\"wp-block-heading\"><strong>Nutzung der Website<\/strong><\/h2>\n\n\n\n<p>Der Zugang zur Website wird vor\u00fcbergehend gew\u00e4hrt, und wir behalten uns das Recht vor, die auf der Website angebotenen Dienste ohne Vorank\u00fcndigung zur\u00fcckzuziehen oder zu \u00e4ndern. Wir geben keine Garantien oder Zusicherungen, dass die Website kontinuierlich oder ununterbrochen zur Verf\u00fcgung stehen wird. Die Website kann zeitweise unzug\u00e4nglich oder nicht verf\u00fcgbar sein, und wir haften gegen\u00fcber den Benutzern nicht f\u00fcr eine solche Nichtverf\u00fcgbarkeit.<\/p>\n\n\n\n<p>Gelegentlich k\u00f6nnen wir den Zugang zu bestimmten Teilen der Website oder der gesamten Website auf registrierte Benutzer beschr\u00e4nken.<\/p>\n\n\n\n<p>Wenn Sie einen Benutzeridentifikationscode, ein Passwort oder andere Informationen als Teil unserer Sicherheitsverfahren erhalten, m\u00fcssen Sie diese vertraulich behandeln und d\u00fcrfen sie nicht an Dritte weitergeben. Wir behalten uns das Recht vor, ein von Ihnen gew\u00e4hltes oder von uns zugewiesenes Benutzerkennwort jederzeit zu deaktivieren, wenn Sie unserer Meinung nach gegen die Bestimmungen dieser Allgemeinen Gesch\u00e4ftsbedingungen versto\u00dfen haben.<\/p>\n\n\n\n<p>Sie sind daf\u00fcr verantwortlich, alle notwendigen Vorkehrungen zu treffen, um auf die Website zuzugreifen, und sicherzustellen, dass alle Personen, die \u00fcber Ihre Internetverbindung auf die Website zugreifen, von diesen Allgemeinen Gesch\u00e4ftsbedingungen Kenntnis haben und diese einhalten.<\/p>\n\n\n\n<h2 class=\"wp-block-heading\"><strong>Kontaktinformationen<\/strong><\/h2>\n\n\n\n<p>Wenn Sie Fragen oder Bedenken zu dieser Politik haben, k\u00f6nnen Sie sich gerne an uns wenden:<\/p>\n\n\n\n<ul>\n<li>E-Mail: <a href=\"mailto:support@mindblitz.io\">support@mindblitz.io<\/a><\/li>\n\n\n\n<li>Telefon: <a href=\"tel: 447488848310\">+447488848310<\/a><\/li>\n\n\n\n<li>Website: <a href=\"https:\/\/mindblitz.io\/de\/\">https:\/\/mindblitz.io\/<\/a>&nbsp;<\/li>\n<\/ul>\n\n\n\n<p>Wir danken Ihnen f\u00fcr Ihr Verst\u00e4ndnis und Ihre Mitarbeit.<\/p>","protected":false},"excerpt":{"rendered":"<p>MindBlitz ist der offizielle Dienst f\u00fcr Arbeitsuchende und Unternehmen, die Personaldienstleistungen ben\u00f6tigen, und bietet Beratung, Stellenangebote und zus\u00e4tzliche Personaldienstleistungen. Eigent\u00fcmer und Betreiber des Dienstes ist Mindblitz LTD, Registrierungsnummer 15304656, E-Mail: support@mindblitz.io; Telefon: +447488848310. Unser Ziel ist es, unsere Kunden dabei zu unterst\u00fctzen, gut informierte Entscheidungen \u00fcber Besch\u00e4ftigungsm\u00f6glichkeiten und Karrierewege zu treffen. Rechte an geistigem Eigentum [...]<\/p>","protected":false},"author":1,"featured_media":208,"parent":0,"menu_order":0,"comment_status":"closed","ping_status":"closed","template":"template-pages\/template-policy.php","meta":{"footnotes":""},"acf":[],"yoast_head":"<!-- This site is optimized with the Yoast SEO plugin v21.7 - https:\/\/yoast.com\/wordpress\/plugins\/seo\/ -->\n<title>Terms and Conditions - MindBlitz<\/title>\n<meta name=\"robots\" content=\"index, follow, max-snippet:-1, max-image-preview:large, max-video-preview:-1\" \/>\n<link rel=\"canonical\" href=\"https:\/\/mindblitz.io\/de\/terms-and-conditions\/\" \/>\n<meta property=\"og:locale\" content=\"de_DE\" \/>\n<meta property=\"og:type\" content=\"article\" \/>\n<meta property=\"og:title\" content=\"Terms and Conditions - MindBlitz\" \/>\n<meta property=\"og:description\" content=\"MindBlitz is the official service for job seekers and businesses needing HR services, offering advice, job opportunities, and additional HR services. The service is owned and operated by Mindblitz LTD, registration number 15304656, email: support@mindblitz.io; phone: +447488848310. We aim to assist clients in making well-informed decisions about employment opportunities and career paths. Intellectual Property Rights [&hellip;]\" \/>\n<meta property=\"og:url\" content=\"https:\/\/mindblitz.io\/de\/terms-and-conditions\/\" \/>\n<meta property=\"og:site_name\" content=\"MindBlitz\" \/>\n<meta property=\"article:modified_time\" content=\"2025-05-30T12:38:54+00:00\" \/>\n<meta property=\"og:image\" content=\"http:\/\/mindblitz.io\/wp-content\/uploads\/2024\/01\/Avatar-2.png\" \/>\n\t<meta property=\"og:image:width\" content=\"1000\" \/>\n\t<meta property=\"og:image:height\" content=\"1000\" \/>\n\t<meta property=\"og:image:type\" content=\"image\/png\" \/>\n<meta name=\"twitter:card\" content=\"summary_large_image\" \/>\n<meta name=\"twitter:label1\" content=\"Gesch\u00e4tzte Lesezeit\" \/>\n\t<meta name=\"twitter:data1\" content=\"8\u00a0Minuten\" \/>\n<script type=\"application\/ld+json\" class=\"yoast-schema-graph\">{\"@context\":\"https:\/\/schema.org\",\"@graph\":[{\"@type\":\"WebPage\",\"@id\":\"https:\/\/mindblitz.io\/terms-and-conditions\/\",\"url\":\"https:\/\/mindblitz.io\/terms-and-conditions\/\",\"name\":\"Terms and Conditions - MindBlitz\",\"isPartOf\":{\"@id\":\"https:\/\/mindblitz.io\/#website\"},\"datePublished\":\"2024-01-03T12:02:54+00:00\",\"dateModified\":\"2025-05-30T12:38:54+00:00\",\"breadcrumb\":{\"@id\":\"https:\/\/mindblitz.io\/terms-and-conditions\/#breadcrumb\"},\"inLanguage\":\"de\",\"potentialAction\":[{\"@type\":\"ReadAction\",\"target\":[\"https:\/\/mindblitz.io\/terms-and-conditions\/\"]}]},{\"@type\":\"BreadcrumbList\",\"@id\":\"https:\/\/mindblitz.io\/terms-and-conditions\/#breadcrumb\",\"itemListElement\":[{\"@type\":\"ListItem\",\"position\":1,\"name\":\"Home\",\"item\":\"https:\/\/mindblitz.io\/\"},{\"@type\":\"ListItem\",\"position\":2,\"name\":\"Terms and Conditions\"}]},{\"@type\":\"WebSite\",\"@id\":\"https:\/\/mindblitz.io\/#website\",\"url\":\"https:\/\/mindblitz.io\/\",\"name\":\"MindBlitz\",\"description\":\"\",\"publisher\":{\"@id\":\"https:\/\/mindblitz.io\/#organization\"},\"potentialAction\":[{\"@type\":\"SearchAction\",\"target\":{\"@type\":\"EntryPoint\",\"urlTemplate\":\"https:\/\/mindblitz.io\/?s={search_term_string}\"},\"query-input\":\"required name=search_term_string\"}],\"inLanguage\":\"de\"},{\"@type\":\"Organization\",\"@id\":\"https:\/\/mindblitz.io\/#organization\",\"name\":\"MindBlitz\",\"url\":\"https:\/\/mindblitz.io\/\",\"logo\":{\"@type\":\"ImageObject\",\"inLanguage\":\"de\",\"@id\":\"https:\/\/mindblitz.io\/#\/schema\/logo\/image\/\",\"url\":\"https:\/\/mindblitz.io\/wp-content\/uploads\/2024\/01\/mindblitz_logo.svg\",\"contentUrl\":\"https:\/\/mindblitz.io\/wp-content\/uploads\/2024\/01\/mindblitz_logo.svg\",\"width\":161,\"height\":22,\"caption\":\"MindBlitz\"},\"image\":{\"@id\":\"https:\/\/mindblitz.io\/#\/schema\/logo\/image\/\"}}]}<\/script>\n<!-- \/ Yoast SEO plugin. -->","yoast_head_json":{"title":"Terms and Conditions - MindBlitz","robots":{"index":"index","follow":"follow","max-snippet":"max-snippet:-1","max-image-preview":"max-image-preview:large","max-video-preview":"max-video-preview:-1"},"canonical":"https:\/\/mindblitz.io\/de\/terms-and-conditions\/","og_locale":"de_DE","og_type":"article","og_title":"Terms and Conditions - MindBlitz","og_description":"MindBlitz is the official service for job seekers and businesses needing HR services, offering advice, job opportunities, and additional HR services. The service is owned and operated by Mindblitz LTD, registration number 15304656, email: support@mindblitz.io; phone: +447488848310. We aim to assist clients in making well-informed decisions about employment opportunities and career paths. Intellectual Property Rights [&hellip;]","og_url":"https:\/\/mindblitz.io\/de\/terms-and-conditions\/","og_site_name":"MindBlitz","article_modified_time":"2025-05-30T12:38:54+00:00","og_image":[{"width":1000,"height":1000,"url":"http:\/\/mindblitz.io\/wp-content\/uploads\/2024\/01\/Avatar-2.png","type":"image\/png"}],"twitter_card":"summary_large_image","twitter_misc":{"Gesch\u00e4tzte Lesezeit":"8\u00a0Minuten"},"schema":{"@context":"https:\/\/schema.org","@graph":[{"@type":"WebPage","@id":"https:\/\/mindblitz.io\/terms-and-conditions\/","url":"https:\/\/mindblitz.io\/terms-and-conditions\/","name":"Terms and Conditions - MindBlitz","isPartOf":{"@id":"https:\/\/mindblitz.io\/#website"},"datePublished":"2024-01-03T12:02:54+00:00","dateModified":"2025-05-30T12:38:54+00:00","breadcrumb":{"@id":"https:\/\/mindblitz.io\/terms-and-conditions\/#breadcrumb"},"inLanguage":"de","potentialAction":[{"@type":"ReadAction","target":["https:\/\/mindblitz.io\/terms-and-conditions\/"]}]},{"@type":"BreadcrumbList","@id":"https:\/\/mindblitz.io\/terms-and-conditions\/#breadcrumb","itemListElement":[{"@type":"ListItem","position":1,"name":"Home","item":"https:\/\/mindblitz.io\/"},{"@type":"ListItem","position":2,"name":"Terms and Conditions"}]},{"@type":"WebSite","@id":"https:\/\/mindblitz.io\/#website","url":"https:\/\/mindblitz.io\/","name":"MindBlitz","description":"","publisher":{"@id":"https:\/\/mindblitz.io\/#organization"},"potentialAction":[{"@type":"SearchAction","target":{"@type":"EntryPoint","urlTemplate":"https:\/\/mindblitz.io\/?s={search_term_string}"},"query-input":"required name=search_term_string"}],"inLanguage":"de"},{"@type":"Organization","@id":"https:\/\/mindblitz.io\/#organization","name":"MindBlitz","url":"https:\/\/mindblitz.io\/","logo":{"@type":"ImageObject","inLanguage":"de","@id":"https:\/\/mindblitz.io\/#\/schema\/logo\/image\/","url":"https:\/\/mindblitz.io\/wp-content\/uploads\/2024\/01\/mindblitz_logo.svg","contentUrl":"https:\/\/mindblitz.io\/wp-content\/uploads\/2024\/01\/mindblitz_logo.svg","width":161,"height":22,"caption":"MindBlitz"},"image":{"@id":"https:\/\/mindblitz.io\/#\/schema\/logo\/image\/"}}]}},"_links":{"self":[{"href":"https:\/\/mindblitz.io\/de\/wp-json\/wp\/v2\/pages\/172"}],"collection":[{"href":"https:\/\/mindblitz.io\/de\/wp-json\/wp\/v2\/pages"}],"about":[{"href":"https:\/\/mindblitz.io\/de\/wp-json\/wp\/v2\/types\/page"}],"author":[{"embeddable":true,"href":"https:\/\/mindblitz.io\/de\/wp-json\/wp\/v2\/users\/1"}],"replies":[{"embeddable":true,"href":"https:\/\/mindblitz.io\/de\/wp-json\/wp\/v2\/comments?post=172"}],"version-history":[{"count":7,"href":"https:\/\/mindblitz.io\/de\/wp-json\/wp\/v2\/pages\/172\/revisions"}],"predecessor-version":[{"id":403,"href":"https:\/\/mindblitz.io\/de\/wp-json\/wp\/v2\/pages\/172\/revisions\/403"}],"wp:featuredmedia":[{"embeddable":true,"href":"https:\/\/mindblitz.io\/de\/wp-json\/wp\/v2\/media\/208"}],"wp:attachment":[{"href":"https:\/\/mindblitz.io\/de\/wp-json\/wp\/v2\/media?parent=172"}],"curies":[{"name":"wp","href":"https:\/\/api.w.org\/{rel}","templated":true}]}}